{"id":2435,"date":"2024-06-26T10:29:32","date_gmt":"2024-06-26T10:29:32","guid":{"rendered":"https:\/\/miramonticogne.com\/maison\/"},"modified":"2024-06-26T13:13:38","modified_gmt":"2024-06-26T13:13:38","slug":"maison","status":"publish","type":"page","link":"https:\/\/miramonticogne.com\/fr\/maison\/","title":{"rendered":"Maison"},"content":{"rendered":"\t\t<div data-elementor-type=\"wp-page\" data-elementor-id=\"2435\" class=\"elementor elementor-2435 elementor-2391\" data-elementor-post-type=\"page\">\n\t\t\t\t<div class=\"elementor-element elementor-element-e7a0359 e-flex e-con-boxed e-con e-parent\" data-id=\"e7a0359\" data-element_type=\"container\" data-e-type=\"container\">\n\t\t\t\t\t<div class=\"e-con-inner\">\n\t\t\t\t<div class=\"elementor-element elementor-element-32b3447 elementor-widget elementor-widget-qi_addons_for_elementor_image_slider\" data-id=\"32b3447\" data-element_type=\"widget\" data-e-type=\"widget\" data-widget_type=\"qi_addons_for_elementor_image_slider.default\">\n\t\t\t\t<div class=\"elementor-widget-container\">\n\t\t\t\t\t<div class=\"qodef-shortcode qodef-m qodef-qi-image-slider qodef-col-num--1 qodef-qi-grid qodef-qi-swiper-container qodef-navigation--outside qodef-hide-navigation--680 qodef-navigation--hover-move\" data-options=\"{&quot;direction&quot;:&quot;horizontal&quot;,&quot;slidesPerView&quot;:&quot;1&quot;,&quot;spaceBetween&quot;:0,&quot;spaceBetweenTablet&quot;:30,&quot;spaceBetweenMobile&quot;:30,&quot;effect&quot;:&quot;fade&quot;,&quot;loop&quot;:true,&quot;autoplay&quot;:false,&quot;centeredSlides&quot;:false,&quot;speed&quot;:&quot;&quot;,&quot;speedAnimation&quot;:&quot;&quot;,&quot;outsideNavigation&quot;:&quot;yes&quot;,&quot;outsidePagination&quot;:&quot;no&quot;,&quot;unique&quot;:331,&quot;partialValue&quot;:0,&quot;disablePartialValue&quot;:&quot;&quot;,&quot;parallax&quot;:&quot;no&quot;}\">\n\t<div class=\"swiper-wrapper\">\n\t\t<div class=\"qodef-e swiper-slide\">\n\t<div class=\"qodef-e-inner\">\n\t\t<div class=\"qodef-e-inner-holder\">\n\t\t\t\t\t\t\t<img fetchpriority=\"high\" decoding=\"async\" width=\"1400\" height=\"933\" src=\"https:\/\/miramonticogne.com\/wp-content\/uploads\/2024\/06\/Hotel-Miramonti-Cogne-Camera-Maison-01.jpg\" class=\"attachment-full size-full\" alt=\"\" srcset=\"https:\/\/miramonticogne.com\/wp-content\/uploads\/2024\/06\/Hotel-Miramonti-Cogne-Camera-Maison-01.jpg 1400w, https:\/\/miramonticogne.com\/wp-content\/uploads\/2024\/06\/Hotel-Miramonti-Cogne-Camera-Maison-01-300x200.jpg 300w, https:\/\/miramonticogne.com\/wp-content\/uploads\/2024\/06\/Hotel-Miramonti-Cogne-Camera-Maison-01-1024x682.jpg 1024w, https:\/\/miramonticogne.com\/wp-content\/uploads\/2024\/06\/Hotel-Miramonti-Cogne-Camera-Maison-01-768x512.jpg 768w\" sizes=\"(max-width: 1400px) 100vw, 1400px\" \/>\t\t\t\t\t<\/div>\n\t<\/div>\n\t<\/div>\n<div class=\"qodef-e swiper-slide\">\n\t<div class=\"qodef-e-inner\">\n\t\t<div class=\"qodef-e-inner-holder\">\n\t\t\t\t\t\t\t<img decoding=\"async\" width=\"1500\" height=\"1000\" src=\"https:\/\/miramonticogne.com\/wp-content\/uploads\/2024\/06\/Hotel-Miramonti-Cogne-Camera-Maison-02.jpg\" class=\"attachment-full size-full\" alt=\"\" srcset=\"https:\/\/miramonticogne.com\/wp-content\/uploads\/2024\/06\/Hotel-Miramonti-Cogne-Camera-Maison-02.jpg 1500w, https:\/\/miramonticogne.com\/wp-content\/uploads\/2024\/06\/Hotel-Miramonti-Cogne-Camera-Maison-02-300x200.jpg 300w, https:\/\/miramonticogne.com\/wp-content\/uploads\/2024\/06\/Hotel-Miramonti-Cogne-Camera-Maison-02-1024x683.jpg 1024w, https:\/\/miramonticogne.com\/wp-content\/uploads\/2024\/06\/Hotel-Miramonti-Cogne-Camera-Maison-02-768x512.jpg 768w\" sizes=\"(max-width: 1500px) 100vw, 1500px\" \/>\t\t\t\t\t<\/div>\n\t<\/div>\n\t<\/div>\n<div class=\"qodef-e swiper-slide\">\n\t<div class=\"qodef-e-inner\">\n\t\t<div class=\"qodef-e-inner-holder\">\n\t\t\t\t\t\t\t<img decoding=\"async\" width=\"1500\" height=\"1000\" src=\"https:\/\/miramonticogne.com\/wp-content\/uploads\/2024\/06\/Hotel-Miramonti-Cogne-Camera-Maison-03.jpg\" class=\"attachment-full size-full\" alt=\"\" srcset=\"https:\/\/miramonticogne.com\/wp-content\/uploads\/2024\/06\/Hotel-Miramonti-Cogne-Camera-Maison-03.jpg 1500w, https:\/\/miramonticogne.com\/wp-content\/uploads\/2024\/06\/Hotel-Miramonti-Cogne-Camera-Maison-03-300x200.jpg 300w, https:\/\/miramonticogne.com\/wp-content\/uploads\/2024\/06\/Hotel-Miramonti-Cogne-Camera-Maison-03-1024x683.jpg 1024w, https:\/\/miramonticogne.com\/wp-content\/uploads\/2024\/06\/Hotel-Miramonti-Cogne-Camera-Maison-03-768x512.jpg 768w\" sizes=\"(max-width: 1500px) 100vw, 1500px\" \/>\t\t\t\t\t<\/div>\n\t<\/div>\n\t<\/div>\n<div class=\"qodef-e swiper-slide\">\n\t<div class=\"qodef-e-inner\">\n\t\t<div class=\"qodef-e-inner-holder\">\n\t\t\t\t\t\t\t<img loading=\"lazy\" decoding=\"async\" width=\"1500\" height=\"1000\" src=\"https:\/\/miramonticogne.com\/wp-content\/uploads\/2024\/06\/Hotel-Miramonti-Cogne-Camera-Maison-04.jpg\" class=\"attachment-full size-full\" alt=\"\" srcset=\"https:\/\/miramonticogne.com\/wp-content\/uploads\/2024\/06\/Hotel-Miramonti-Cogne-Camera-Maison-04.jpg 1500w, https:\/\/miramonticogne.com\/wp-content\/uploads\/2024\/06\/Hotel-Miramonti-Cogne-Camera-Maison-04-300x200.jpg 300w, https:\/\/miramonticogne.com\/wp-content\/uploads\/2024\/06\/Hotel-Miramonti-Cogne-Camera-Maison-04-1024x683.jpg 1024w, https:\/\/miramonticogne.com\/wp-content\/uploads\/2024\/06\/Hotel-Miramonti-Cogne-Camera-Maison-04-768x512.jpg 768w\" sizes=\"(max-width: 1500px) 100vw, 1500px\" \/>\t\t\t\t\t<\/div>\n\t<\/div>\n\t<\/div>\n<div class=\"qodef-e swiper-slide\">\n\t<div class=\"qodef-e-inner\">\n\t\t<div class=\"qodef-e-inner-holder\">\n\t\t\t\t\t\t\t<img loading=\"lazy\" decoding=\"async\" width=\"1500\" height=\"1000\" src=\"https:\/\/miramonticogne.com\/wp-content\/uploads\/2024\/06\/Hotel-Miramonti-Cogne-Camera-Maison-05b.jpg\" class=\"attachment-full size-full\" alt=\"\" srcset=\"https:\/\/miramonticogne.com\/wp-content\/uploads\/2024\/06\/Hotel-Miramonti-Cogne-Camera-Maison-05b.jpg 1500w, https:\/\/miramonticogne.com\/wp-content\/uploads\/2024\/06\/Hotel-Miramonti-Cogne-Camera-Maison-05b-300x200.jpg 300w, https:\/\/miramonticogne.com\/wp-content\/uploads\/2024\/06\/Hotel-Miramonti-Cogne-Camera-Maison-05b-1024x683.jpg 1024w, https:\/\/miramonticogne.com\/wp-content\/uploads\/2024\/06\/Hotel-Miramonti-Cogne-Camera-Maison-05b-768x512.jpg 768w\" sizes=\"(max-width: 1500px) 100vw, 1500px\" \/>\t\t\t\t\t<\/div>\n\t<\/div>\n\t<\/div>\n\t<\/div>\n\t<\/div>\n\t\t<div class=\"swiper-button-prev swiper-button-outside swiper-button-prev-331\"><svg xmlns=\"http:\/\/www.w3.org\/2000\/svg\" xmlns:xlink=\"http:\/\/www.w3.org\/1999\/xlink\" xmlns:serif=\"http:\/\/www.serif.com\/\" width=\"100%\" height=\"100%\" viewBox=\"0 0 134 134\" xml:space=\"preserve\" style=\"fill-rule:evenodd;clip-rule:evenodd;stroke-linejoin:round;stroke-miterlimit:2;\"><path d=\"M89.167,30.833l-35.417,35.417l35.417,35.417l2.916,-2.917l-32.5,-32.5l32.5,-32.5l-2.916,-2.917Z\" style=\"fill-rule:nonzero;\"><\/path><\/svg><\/div>\n\t<div class=\"swiper-button-next swiper-button-outside swiper-button-next-331\"><svg xmlns=\"http:\/\/www.w3.org\/2000\/svg\" xmlns:xlink=\"http:\/\/www.w3.org\/1999\/xlink\" xmlns:serif=\"http:\/\/www.serif.com\/\" width=\"100%\" height=\"100%\" viewBox=\"0 0 134 134\" xml:space=\"preserve\" style=\"fill-rule:evenodd;clip-rule:evenodd;stroke-linejoin:round;stroke-miterlimit:2;\"><path d=\"M56.667,101.667l35.416,-35.417l-35.416,-35.417l-2.917,2.917l32.5,32.5l-32.5,32.5l2.917,2.917Z\" style=\"fill-rule:nonzero;\"><\/path><\/svg><\/div>\n\t\t\t\t\t<\/div>\n\t\t\t\t<\/div>\n\t\t\t\t\t<\/div>\n\t\t\t\t<\/div>\n\t\t<div class=\"elementor-element elementor-element-5ff7aea e-flex e-con-boxed e-con e-parent\" data-id=\"5ff7aea\" data-element_type=\"container\" data-e-type=\"container\">\n\t\t\t\t\t<div class=\"e-con-inner\">\n\t\t\t\t<div class=\"elementor-element elementor-element-7944ff4 elementor-widget elementor-widget-text-editor\" data-id=\"7944ff4\" data-element_type=\"widget\" data-e-type=\"widget\" data-widget_type=\"text-editor.default\">\n\t\t\t\t<div class=\"elementor-widget-container\">\n\t\t\t\t\t\t\t\t\t<p>Chambres de style Empire, soies italiennes, meubles incrust\u00e9s par d\u2019habiles artisans, salle de bain avec douche.<br \/>Une rampe d\u2019escalier \u00e0 d\u00e9cendre du rez-de chauss\u00e9e.<br \/>Sont tr\u00e8s calmes avec balcon vue jardins priv\u00e9es.<br \/>Nombre maximum de personnes dans la chambre : 3<br \/>19-24 mq<\/p>\n\t\t\t\t\t\t\t\t<\/div>\n\t\t\t\t<\/div>\n\t\t\t\t\t<\/div>\n\t\t\t\t<\/div>\n\t\t<div class=\"elementor-element elementor-element-ba8ac98 e-flex e-con-boxed e-con e-parent\" data-id=\"ba8ac98\" data-element_type=\"container\" data-e-type=\"container\">\n\t\t\t\t\t<div class=\"e-con-inner\">\n\t\t<div class=\"elementor-element elementor-element-da1f8cc e-con-full e-flex e-con e-child\" data-id=\"da1f8cc\" data-element_type=\"container\" data-e-type=\"container\">\n\t\t\t\t<div class=\"elementor-element elementor-element-41aad84 elementor-widget elementor-widget-heading\" data-id=\"41aad84\" data-element_type=\"widget\" data-e-type=\"widget\" data-widget_type=\"heading.default\">\n\t\t\t\t<div class=\"elementor-widget-container\">\n\t\t\t\t\t<h2 class=\"elementor-heading-title elementor-size-default\">Dans votre chambre<\/h2>\t\t\t\t<\/div>\n\t\t\t\t<\/div>\n\t\t<div class=\"elementor-element elementor-element-dacc388 e-flex e-con-boxed e-con e-child\" data-id=\"dacc388\" data-element_type=\"container\" data-e-type=\"container\">\n\t\t\t\t\t<div class=\"e-con-inner\">\n\t\t\t\t<div class=\"elementor-element elementor-element-42a9f7b elementor-widget elementor-widget-text-editor\" data-id=\"42a9f7b\" data-element_type=\"widget\" data-e-type=\"widget\" data-widget_type=\"text-editor.default\">\n\t\t\t\t<div class=\"elementor-widget-container\">\n\t\t\t\t\t\t\t\t\t<ul>\n<li>bureau<\/li>\n<li>t\u00e9l\u00e9phone<\/li>\n<li>wifi haut d\u00e9bit<\/li>\n<li>smart TV<\/li>\n<li>mini-bar<\/li>\n<li>coffre-fort<\/li>\n<li>balcon<\/li>\n<li>non-fumeur<\/li>\n<\/ul>\n\t\t\t\t\t\t\t\t<\/div>\n\t\t\t\t<\/div>\n\t\t\t\t\t<\/div>\n\t\t\t\t<\/div>\n\t\t\t\t<\/div>\n\t\t<div class=\"elementor-element elementor-element-937c021 e-con-full e-flex e-con e-child\" data-id=\"937c021\" data-element_type=\"container\" data-e-type=\"container\">\n\t\t\t\t<div class=\"elementor-element elementor-element-cb09dc3 elementor-widget elementor-widget-heading\" data-id=\"cb09dc3\" data-element_type=\"widget\" data-e-type=\"widget\" data-widget_type=\"heading.default\">\n\t\t\t\t<div class=\"elementor-widget-container\">\n\t\t\t\t\t<h2 class=\"elementor-heading-title elementor-size-default\">Dans la salle de bain<\/h2>\t\t\t\t<\/div>\n\t\t\t\t<\/div>\n\t\t<div class=\"elementor-element elementor-element-d572031 e-flex e-con-boxed e-con e-child\" data-id=\"d572031\" data-element_type=\"container\" data-e-type=\"container\">\n\t\t\t\t\t<div class=\"e-con-inner\">\n\t\t\t\t<div class=\"elementor-element elementor-element-ebf969e elementor-widget elementor-widget-text-editor\" data-id=\"ebf969e\" data-element_type=\"widget\" data-e-type=\"widget\" data-widget_type=\"text-editor.default\">\n\t\t\t\t<div class=\"elementor-widget-container\">\n\t\t\t\t\t\t\t\t\t<ul>\n<li>douche<\/li>\n<li>s\u00e8che-cheveux<\/li>\n<li>produits de courtoisie<\/li>\n<li>peignoir de bain doux<\/li>\n<li>pantoufles<\/li>\n<\/ul>\n\t\t\t\t\t\t\t\t<\/div>\n\t\t\t\t<\/div>\n\t\t\t\t\t<\/div>\n\t\t\t\t<\/div>\n\t\t\t\t<\/div>\n\t\t\t\t\t<\/div>\n\t\t\t\t<\/div>\n\t\t<div class=\"elementor-element elementor-element-f4d5e99 e-flex e-con-boxed e-con e-parent\" data-id=\"f4d5e99\" data-element_type=\"container\" data-e-type=\"container\">\n\t\t\t\t\t<div class=\"e-con-inner\">\n\t\t<div class=\"elementor-element elementor-element-2973d81 e-con-full e-flex e-con e-child\" data-id=\"2973d81\" data-element_type=\"container\" data-e-type=\"container\">\n\t\t<div class=\"elementor-element elementor-element-49798d2 e-flex e-con-boxed e-con e-child\" data-id=\"49798d2\" data-element_type=\"container\" data-e-type=\"container\">\n\t\t\t\t\t<div class=\"e-con-inner\">\n\t\t\t\t<div class=\"elementor-element elementor-element-aeb51f9 elementor-widget elementor-widget-text-editor\" data-id=\"aeb51f9\" data-element_type=\"widget\" data-e-type=\"widget\" data-widget_type=\"text-editor.default\">\n\t\t\t\t<div class=\"elementor-widget-container\">\n\t\t\t\t\t\t\t\t\t<ul>\n<li>place de parking dans le garage<\/li>\n<li>bornes de recharge pour voitures \u00e9lectriques (payantes)<\/li>\n<li>les petits animaux domestiques ne sont admis que sur demande, dans certaines chambres seulement. <br \/>Demandez la disponibilit\u00e9 et les conditions lors de la r\u00e9servation.<\/li>\n<\/ul>\n\t\t\t\t\t\t\t\t<\/div>\n\t\t\t\t<\/div>\n\t\t\t\t\t<\/div>\n\t\t\t\t<\/div>\n\t\t\t\t<\/div>\n\t\t\t\t\t<\/div>\n\t\t\t\t<\/div>\n\t\t\t\t<\/div>\n\t\t","protected":false},"excerpt":{"rendered":"<p>Chambres de style Empire, soies italiennes, meubles incrust\u00e9s par d\u2019habiles artisans, salle de bain avec douche.Une rampe d\u2019escalier \u00e0 d\u00e9cendre du rez-de chauss\u00e9e.Sont tr\u00e8s calmes avec balcon vue jardins priv\u00e9es.Nombre maximum de personnes dans la chambre : 319-24 mq Dans votre chambre bureau t\u00e9l\u00e9phone wifi haut d\u00e9bit smart TV mini-bar coffre-fort balcon non-fumeur Dans la [&hellip;]<\/p>\n","protected":false},"author":1,"featured_media":0,"parent":0,"menu_order":0,"comment_status":"closed","ping_status":"closed","template":"","meta":{"footnotes":""},"class_list":["post-2435","page","type-page","status-publish","hentry"],"_links":{"self":[{"href":"https:\/\/miramonticogne.com\/fr\/wp-json\/wp\/v2\/pages\/2435","targetHints":{"allow":["GET"]}}],"collection":[{"href":"https:\/\/miramonticogne.com\/fr\/wp-json\/wp\/v2\/pages"}],"about":[{"href":"https:\/\/miramonticogne.com\/fr\/wp-json\/wp\/v2\/types\/page"}],"author":[{"embeddable":true,"href":"https:\/\/miramonticogne.com\/fr\/wp-json\/wp\/v2\/users\/1"}],"replies":[{"embeddable":true,"href":"https:\/\/miramonticogne.com\/fr\/wp-json\/wp\/v2\/comments?post=2435"}],"version-history":[{"count":1,"href":"https:\/\/miramonticogne.com\/fr\/wp-json\/wp\/v2\/pages\/2435\/revisions"}],"predecessor-version":[{"id":2436,"href":"https:\/\/miramonticogne.com\/fr\/wp-json\/wp\/v2\/pages\/2435\/revisions\/2436"}],"wp:attachment":[{"href":"https:\/\/miramonticogne.com\/fr\/wp-json\/wp\/v2\/media?parent=2435"}],"curies":[{"name":"wp","href":"https:\/\/api.w.org\/{rel}","templated":true}]}}