{"id":1664,"date":"2023-02-18T09:33:23","date_gmt":"2023-02-18T09:33:23","guid":{"rendered":"https:\/\/miramonticogne.com\/offres\/"},"modified":"2023-07-01T08:17:27","modified_gmt":"2023-07-01T08:17:27","slug":"offres","status":"publish","type":"page","link":"https:\/\/miramonticogne.com\/fr\/offres\/","title":{"rendered":"Offres"},"content":{"rendered":"\t\t<div data-elementor-type=\"wp-page\" data-elementor-id=\"1664\" class=\"elementor elementor-1664 elementor-609\" data-elementor-post-type=\"page\">\n\t\t\t\t<div class=\"elementor-element elementor-element-7d047ec e-flex e-con-boxed e-con e-parent\" data-id=\"7d047ec\" data-element_type=\"container\" data-e-type=\"container\">\n\t\t\t\t\t<div class=\"e-con-inner\">\n\t\t\t\t\t<\/div>\n\t\t\t\t<\/div>\n\t\t<div class=\"elementor-element elementor-element-3b42c98 e-flex e-con-boxed e-con e-parent\" data-id=\"3b42c98\" data-element_type=\"container\" data-e-type=\"container\">\n\t\t\t\t\t<div class=\"e-con-inner\">\n\t\t\t\t<div class=\"elementor-element elementor-element-9d09e87 elementor-grid-2 elementor-grid-tablet-2 elementor-grid-mobile-1 elementor-widget elementor-widget-loop-grid\" data-id=\"9d09e87\" data-element_type=\"widget\" data-e-type=\"widget\" data-settings=\"{&quot;template_id&quot;:934,&quot;columns&quot;:2,&quot;row_gap&quot;:{&quot;unit&quot;:&quot;px&quot;,&quot;size&quot;:20,&quot;sizes&quot;:[]},&quot;_skin&quot;:&quot;post&quot;,&quot;columns_tablet&quot;:&quot;2&quot;,&quot;columns_mobile&quot;:&quot;1&quot;,&quot;edit_handle_selector&quot;:&quot;[data-elementor-type=\\&quot;loop-item\\&quot;]&quot;,&quot;row_gap_tablet&quot;:{&quot;unit&quot;:&quot;px&quot;,&quot;size&quot;:&quot;&quot;,&quot;sizes&quot;:[]},&quot;row_gap_mobile&quot;:{&quot;unit&quot;:&quot;px&quot;,&quot;size&quot;:&quot;&quot;,&quot;sizes&quot;:[]}}\" data-widget_type=\"loop-grid.post\">\n\t\t\t\t<div class=\"elementor-widget-container\">\n\t\t\t\t\t\t\t<div class=\"elementor-loop-container elementor-grid\" role=\"list\">\n\t\t<style id=\"loop-934\">.elementor-934 .elementor-element.elementor-element-a8ea79b{--display:flex;}.elementor-widget-theme-post-featured-image .widget-image-caption{color:var( --e-global-color-text );font-family:var( --e-global-typography-text-font-family ), Sans-serif;font-weight:var( --e-global-typography-text-font-weight );}.elementor-934 .elementor-element.elementor-element-972e554 img{height:41vh;object-fit:cover;object-position:center center;}.elementor-widget-theme-post-title .elementor-heading-title{font-family:var( --e-global-typography-primary-font-family ), Sans-serif;font-weight:var( --e-global-typography-primary-font-weight );color:var( --e-global-color-primary );}.elementor-934 .elementor-element.elementor-element-8f2b032 .elementor-heading-title{font-family:\"Prata\", Sans-serif;font-size:18px;font-weight:200;text-transform:uppercase;letter-spacing:0.2em;color:#000000;}.elementor-widget-theme-post-content{color:var( --e-global-color-text );font-family:var( --e-global-typography-text-font-family ), Sans-serif;font-weight:var( --e-global-typography-text-font-weight );}.elementor-934 .elementor-element.elementor-element-65ad4ca{font-family:\"Armata\", Sans-serif;font-size:14px;font-weight:400;}<\/style>\t\t<div data-elementor-type=\"loop-item\" data-elementor-id=\"934\" class=\"elementor elementor-934 e-loop-item e-loop-item-2363 post-2363 post type-post status-publish format-standard has-post-thumbnail hentry category-offre\" data-elementor-post-type=\"elementor_library\" data-custom-edit-handle=\"1\">\n\t\t\t<div class=\"elementor-element elementor-element-a8ea79b e-flex e-con-boxed e-con e-parent\" data-id=\"a8ea79b\" data-element_type=\"container\" data-e-type=\"container\">\n\t\t\t\t\t<div class=\"e-con-inner\">\n\t\t\t\t<div class=\"elementor-element elementor-element-972e554 elementor-widget elementor-widget-theme-post-featured-image elementor-widget-image\" data-id=\"972e554\" data-element_type=\"widget\" data-e-type=\"widget\" data-widget_type=\"theme-post-featured-image.default\">\n\t\t\t\t<div class=\"elementor-widget-container\">\n\t\t\t\t\t\t\t\t\t\t\t\t\t\t\t<img fetchpriority=\"high\" decoding=\"async\" width=\"800\" height=\"534\" src=\"https:\/\/miramonticogne.com\/wp-content\/uploads\/2023\/02\/Hotel-Miramonti-Cogne-Area-umida-1-1024x684.jpg\" class=\"attachment-large size-large wp-image-1523\" alt=\"\" srcset=\"https:\/\/miramonticogne.com\/wp-content\/uploads\/2023\/02\/Hotel-Miramonti-Cogne-Area-umida-1-1024x684.jpg 1024w, https:\/\/miramonticogne.com\/wp-content\/uploads\/2023\/02\/Hotel-Miramonti-Cogne-Area-umida-1-300x200.jpg 300w, https:\/\/miramonticogne.com\/wp-content\/uploads\/2023\/02\/Hotel-Miramonti-Cogne-Area-umida-1-768x513.jpg 768w, https:\/\/miramonticogne.com\/wp-content\/uploads\/2023\/02\/Hotel-Miramonti-Cogne-Area-umida-1-1536x1025.jpg 1536w, https:\/\/miramonticogne.com\/wp-content\/uploads\/2023\/02\/Hotel-Miramonti-Cogne-Area-umida-1.jpg 1600w\" sizes=\"(max-width: 800px) 100vw, 800px\" \/>\t\t\t\t\t\t\t\t\t\t\t\t\t\t\t<\/div>\n\t\t\t\t<\/div>\n\t\t\t\t<div class=\"elementor-element elementor-element-8f2b032 elementor-widget elementor-widget-theme-post-title elementor-page-title elementor-widget-heading\" data-id=\"8f2b032\" data-element_type=\"widget\" data-e-type=\"widget\" data-widget_type=\"theme-post-title.default\">\n\t\t\t\t<div class=\"elementor-widget-container\">\n\t\t\t\t\t<h1 class=\"elementor-heading-title elementor-size-default\">Offre d\u00e9tente<\/h1>\t\t\t\t<\/div>\n\t\t\t\t<\/div>\n\t\t\t\t<div class=\"elementor-element elementor-element-65ad4ca elementor-widget elementor-widget-theme-post-content\" data-id=\"65ad4ca\" data-element_type=\"widget\" data-e-type=\"widget\" data-widget_type=\"theme-post-content.default\">\n\t\t\t\t<div class=\"elementor-widget-container\">\n\t\t\t\t\t\n<ul class=\"wp-block-list\">\n<li>2 nuit\u00e9es<\/li>\n\n\n\n<li>2 petits-d\u00e9jeuners buffet<\/li>\n\n\n\n<li>1 ap\u00e9ritif pour 2 personnes<\/li>\n\n\n\n<li>2 d\u00eeners \u00e0 la carte au restaurant Coeur de Bois<\/li>\n\n\n\n<li>1 massage relaxant 30&prime; par personne<\/li>\n\n\n\n<li>entr\u00e9e gratuite au SPA <br\/>R\u00e9serv\u00e9 uniquement aux plus de 14 ans<\/li>\n\n\n\n<li>garage<\/li>\n\n\n\n<li>wifi<\/li>\n<\/ul>\n\n<p><\/p>\n\n<figure class=\"wp-block-table\"><table><tbody><tr><td><strong>Chambre Classica<\/strong><\/td><td>560 euros pour 2 personnes<\/td><\/tr><tr><td><strong>Chambre Maison<\/strong><\/td><td>580 euros pour 2 personnes<\/td><\/tr><tr><td><strong>Chambre Romantique<\/strong><\/td><td>620 euros pour 2 personnes<\/td><\/tr><tr><td><strong>Suite<\/strong><\/td><td>720 euros pour 2 personnes<\/td><\/tr><tr><td><strong>Suite Reine Margherita<\/strong><\/td><td>800 euros pour 2 personnes<\/td><\/tr><\/tbody><\/table><\/figure>\n\n<p><strong>Offre invalide<br\/>du 24 d\u00e9cembre au 7 janvier<br\/>du 1er juillet au 1er septembre<\/strong><\/p>\n\n<p><br\/><\/p>\n\t\t\t\t<\/div>\n\t\t\t\t<\/div>\n\t\t\t\t\t<\/div>\n\t\t\t\t<\/div>\n\t\t\t\t<\/div>\n\t\t\t\t<div data-elementor-type=\"loop-item\" data-elementor-id=\"934\" class=\"elementor elementor-934 e-loop-item e-loop-item-2350 post-2350 post type-post status-publish format-standard has-post-thumbnail hentry category-offre\" data-elementor-post-type=\"elementor_library\" data-custom-edit-handle=\"1\">\n\t\t\t<div class=\"elementor-element elementor-element-a8ea79b e-flex e-con-boxed e-con e-parent\" data-id=\"a8ea79b\" data-element_type=\"container\" data-e-type=\"container\">\n\t\t\t\t\t<div class=\"e-con-inner\">\n\t\t\t\t<div class=\"elementor-element elementor-element-972e554 elementor-widget elementor-widget-theme-post-featured-image elementor-widget-image\" data-id=\"972e554\" data-element_type=\"widget\" data-e-type=\"widget\" data-widget_type=\"theme-post-featured-image.default\">\n\t\t\t\t<div class=\"elementor-widget-container\">\n\t\t\t\t\t\t\t\t\t\t\t\t\t\t\t<img decoding=\"async\" width=\"480\" height=\"319\" src=\"https:\/\/miramonticogne.com\/wp-content\/uploads\/2023\/02\/HOTEL-MIRAMONTI-OFFERTA-BENESSERE-2.jpg\" class=\"attachment-large size-large wp-image-1583\" alt=\"\" srcset=\"https:\/\/miramonticogne.com\/wp-content\/uploads\/2023\/02\/HOTEL-MIRAMONTI-OFFERTA-BENESSERE-2.jpg 480w, https:\/\/miramonticogne.com\/wp-content\/uploads\/2023\/02\/HOTEL-MIRAMONTI-OFFERTA-BENESSERE-2-300x199.jpg 300w\" sizes=\"(max-width: 480px) 100vw, 480px\" \/>\t\t\t\t\t\t\t\t\t\t\t\t\t\t\t<\/div>\n\t\t\t\t<\/div>\n\t\t\t\t<div class=\"elementor-element elementor-element-8f2b032 elementor-widget elementor-widget-theme-post-title elementor-page-title elementor-widget-heading\" data-id=\"8f2b032\" data-element_type=\"widget\" data-e-type=\"widget\" data-widget_type=\"theme-post-title.default\">\n\t\t\t\t<div class=\"elementor-widget-container\">\n\t\t\t\t\t<h1 class=\"elementor-heading-title elementor-size-default\">Offre bien-\u00eatre<\/h1>\t\t\t\t<\/div>\n\t\t\t\t<\/div>\n\t\t\t\t<div class=\"elementor-element elementor-element-65ad4ca elementor-widget elementor-widget-theme-post-content\" data-id=\"65ad4ca\" data-element_type=\"widget\" data-e-type=\"widget\" data-widget_type=\"theme-post-content.default\">\n\t\t\t\t<div class=\"elementor-widget-container\">\n\t\t\t\t\t\n<ul class=\"wp-block-list\">\n<li>3 nuit\u00e9es<\/li>\n\n\n\n<li>3 petits-d\u00e9jeuners buffet<\/li>\n\n\n\n<li>3 d\u00eeners \u00e0 la carte au restaurant Coeur de Bois<\/li>\n\n\n\n<li>1 massage relaxant 50&prime; par personne<\/li>\n\n\n\n<li>1 soin du visage 30&prime; par personne<\/li>\n\n\n\n<li>entr\u00e9e gratuite au SPA <br\/>R\u00e9serv\u00e9 uniquement aux plus de 14 ans<\/li>\n\n\n\n<li>garage<\/li>\n\n\n\n<li>wifi<\/li>\n<\/ul>\n\n<p><\/p>\n\n<figure class=\"wp-block-table\"><table><tbody><tr><td><strong>Chambre Classica<\/strong><\/td><td>820 euros pour 2 personnes<\/td><\/tr><tr><td><strong>Chambre Maison<\/strong><\/td><td>850 euros pour 2 personnes<\/td><\/tr><tr><td><strong>Chambre Romantique<\/strong><\/td><td>920 euros pour 2 personnes<\/td><\/tr><tr><td><strong>Suite<\/strong><\/td><td>1.050 euros pour 2 personnes<\/td><\/tr><tr><td><strong>Suite Reine Margherita<\/strong><\/td><td>1.100 euros pour 2 personnes<\/td><\/tr><\/tbody><\/table><\/figure>\n\n<p><strong>Offre invalide<br\/>du 24 d\u00e9cembre au 7 janvier<br\/>du 1er juillet au 1er septembre<\/strong><\/p>\n\t\t\t\t<\/div>\n\t\t\t\t<\/div>\n\t\t\t\t\t<\/div>\n\t\t\t\t<\/div>\n\t\t\t\t<\/div>\n\t\t\t\t<div data-elementor-type=\"loop-item\" data-elementor-id=\"934\" class=\"elementor elementor-934 e-loop-item e-loop-item-1668 post-1668 post type-post status-publish format-standard has-post-thumbnail hentry category-offre\" data-elementor-post-type=\"elementor_library\" data-custom-edit-handle=\"1\">\n\t\t\t<div class=\"elementor-element elementor-element-a8ea79b e-flex e-con-boxed e-con e-parent\" data-id=\"a8ea79b\" data-element_type=\"container\" data-e-type=\"container\">\n\t\t\t\t\t<div class=\"e-con-inner\">\n\t\t\t\t<div class=\"elementor-element elementor-element-972e554 elementor-widget elementor-widget-theme-post-featured-image elementor-widget-image\" data-id=\"972e554\" data-element_type=\"widget\" data-e-type=\"widget\" data-widget_type=\"theme-post-featured-image.default\">\n\t\t\t\t<div class=\"elementor-widget-container\">\n\t\t\t\t\t\t\t\t\t\t\t\t\t\t\t<img decoding=\"async\" width=\"800\" height=\"534\" src=\"https:\/\/miramonticogne.com\/wp-content\/uploads\/2023\/02\/SETTIMANA.jpg\" class=\"attachment-large size-large wp-image-2158\" alt=\"\" srcset=\"https:\/\/miramonticogne.com\/wp-content\/uploads\/2023\/02\/SETTIMANA.jpg 886w, https:\/\/miramonticogne.com\/wp-content\/uploads\/2023\/02\/SETTIMANA-300x200.jpg 300w, https:\/\/miramonticogne.com\/wp-content\/uploads\/2023\/02\/SETTIMANA-768x512.jpg 768w\" sizes=\"(max-width: 800px) 100vw, 800px\" \/>\t\t\t\t\t\t\t\t\t\t\t\t\t\t\t<\/div>\n\t\t\t\t<\/div>\n\t\t\t\t<div class=\"elementor-element elementor-element-8f2b032 elementor-widget elementor-widget-theme-post-title elementor-page-title elementor-widget-heading\" data-id=\"8f2b032\" data-element_type=\"widget\" data-e-type=\"widget\" data-widget_type=\"theme-post-title.default\">\n\t\t\t\t<div class=\"elementor-widget-container\">\n\t\t\t\t\t<h1 class=\"elementor-heading-title elementor-size-default\">Offre semaine<\/h1>\t\t\t\t<\/div>\n\t\t\t\t<\/div>\n\t\t\t\t<div class=\"elementor-element elementor-element-65ad4ca elementor-widget elementor-widget-theme-post-content\" data-id=\"65ad4ca\" data-element_type=\"widget\" data-e-type=\"widget\" data-widget_type=\"theme-post-content.default\">\n\t\t\t\t<div class=\"elementor-widget-container\">\n\t\t\t\t\t\n<ul class=\"wp-block-list\">\n<li>7 nuit\u00e9es<\/li>\n\n\n\n<li>7 petit d\u00e9jeuner \u00e0 buffet<\/li>\n\n\n\n<li>7 d\u00eeners \u00e0 la carte au restaurant Coeur de Bois<\/li>\n\n\n\n<li>1 massage relaxant 50&prime; par personne<\/li>\n\n\n\n<li>entr\u00e9e gratuite au SPA <br\/>R\u00e9serv\u00e9 uniquement aux plus de 14 ans<\/li>\n\n\n\n<li>garage<\/li>\n\n\n\n<li>wifi<\/li>\n<\/ul>\n\n<p><br\/><\/p>\n\n<figure class=\"wp-block-table\"><table><tbody><tr><td><strong>Chambre Classica<\/strong><\/td><td>1.700 euros pour 2 personnes<\/td><\/tr><tr><td><strong>Chambre Maison<\/strong><\/td><td>1.800 euros pour 2 personnes<\/td><\/tr><tr><td><strong>Chambre Romantique<\/strong><\/td><td>1.900 euros pour 2 personnes<\/td><\/tr><tr><td><strong>Suite<\/strong><\/td><td>2.200 euros pour 2 personnes<\/td><\/tr><tr><td><strong>Suite Reine Margherita<\/strong><\/td><td>2.500 euros pour 2 personnes<\/td><\/tr><\/tbody><\/table><\/figure>\n\n<p><\/p>\n\n<p><strong>Offre invalide<\/strong><br\/><strong>du 24 d\u00e9cembre au 7 janvier<\/strong><br\/><strong>du 1er juillet au 1er septembre<\/strong><\/p>\n\t\t\t\t<\/div>\n\t\t\t\t<\/div>\n\t\t\t\t\t<\/div>\n\t\t\t\t<\/div>\n\t\t\t\t<\/div>\n\t\t\t\t<div data-elementor-type=\"loop-item\" data-elementor-id=\"934\" class=\"elementor elementor-934 e-loop-item e-loop-item-2495 post-2495 post type-post status-publish format-standard has-post-thumbnail hentry category-offre\" data-elementor-post-type=\"elementor_library\" data-custom-edit-handle=\"1\">\n\t\t\t<div class=\"elementor-element elementor-element-a8ea79b e-flex e-con-boxed e-con e-parent\" data-id=\"a8ea79b\" data-element_type=\"container\" data-e-type=\"container\">\n\t\t\t\t\t<div class=\"e-con-inner\">\n\t\t\t\t<div class=\"elementor-element elementor-element-972e554 elementor-widget elementor-widget-theme-post-featured-image elementor-widget-image\" data-id=\"972e554\" data-element_type=\"widget\" data-e-type=\"widget\" data-widget_type=\"theme-post-featured-image.default\">\n\t\t\t\t<div class=\"elementor-widget-container\">\n\t\t\t\t\t\t\t\t\t\t\t\t\t\t\t<img loading=\"lazy\" decoding=\"async\" width=\"800\" height=\"534\" src=\"https:\/\/miramonticogne.com\/wp-content\/uploads\/2024\/12\/Miramonti-offerta-top-wine-experience-web-1024x683.jpg\" class=\"attachment-large size-large wp-image-2491\" alt=\"\" srcset=\"https:\/\/miramonticogne.com\/wp-content\/uploads\/2024\/12\/Miramonti-offerta-top-wine-experience-web-1024x683.jpg 1024w, https:\/\/miramonticogne.com\/wp-content\/uploads\/2024\/12\/Miramonti-offerta-top-wine-experience-web-300x200.jpg 300w, https:\/\/miramonticogne.com\/wp-content\/uploads\/2024\/12\/Miramonti-offerta-top-wine-experience-web-768x512.jpg 768w, https:\/\/miramonticogne.com\/wp-content\/uploads\/2024\/12\/Miramonti-offerta-top-wine-experience-web.jpg 1500w\" sizes=\"(max-width: 800px) 100vw, 800px\" \/>\t\t\t\t\t\t\t\t\t\t\t\t\t\t\t<\/div>\n\t\t\t\t<\/div>\n\t\t\t\t<div class=\"elementor-element elementor-element-8f2b032 elementor-widget elementor-widget-theme-post-title elementor-page-title elementor-widget-heading\" data-id=\"8f2b032\" data-element_type=\"widget\" data-e-type=\"widget\" data-widget_type=\"theme-post-title.default\">\n\t\t\t\t<div class=\"elementor-widget-container\">\n\t\t\t\t\t<h1 class=\"elementor-heading-title elementor-size-default\">Top wine experience<\/h1>\t\t\t\t<\/div>\n\t\t\t\t<\/div>\n\t\t\t\t<div class=\"elementor-element elementor-element-65ad4ca elementor-widget elementor-widget-theme-post-content\" data-id=\"65ad4ca\" data-element_type=\"widget\" data-e-type=\"widget\" data-widget_type=\"theme-post-content.default\">\n\t\t\t\t<div class=\"elementor-widget-container\">\n\t\t\t\t\t\n<ul class=\"wp-block-list\">\n<li>2 nuit\u00e9es<\/li>\n\n\n\n<li>2 petits-d\u00e9jeuners buffet<\/li>\n\n\n\n<li>2 d\u00eeners \u00e0 la carte au restaurant Coeur de Bois<\/li>\n\n\n\n<li>1 massage relaxant 30&prime; par personne<\/li>\n\n\n\n<li>entr\u00e9e libre \u00e0 la idropiscine et au whirpool de 10h au 20h <br\/>\u00e0 partir de 15h00 entr\u00e9e r\u00e9serv\u00e9e aux plus de 14 ans<\/li>\n\n\n\n<li>entr\u00e9e libre \u00e0 la SPA<br\/>R\u00e9serv\u00e9e aux plus de 14 ans<br\/><br\/><\/li>\n\n\n\n<li>garage<\/li>\n\n\n\n<li>wifi<\/li>\n\n\n\n<li>visite \u00e0 la cave de la prestigieuse maison Les Cr\u00eates (village de Aymavilles, trajet de 19km pas inclus)<\/li>\n\n\n\n<li>d\u00e9gustation de 5 grans vins convenus avec le sommelier<\/li>\n\n\n\n<li>selection de charcuteries et de fromages de la gastronomie locale<\/li>\n\n\n\n<li>dur\u00e9e de l\u2019exp\u00e9rience 1,40h<\/li>\n<\/ul>\n\n<p><\/p>\n\n<figure class=\"wp-block-table\"><table><tbody><tr><td><strong>Chambre Classica<\/strong><\/td><td>700 euros pour 2 personnes<\/td><\/tr><tr><td><strong>Chambre Maison<\/strong><\/td><td>720 euros pour 2 personnes<\/td><\/tr><tr><td><strong>Chambre Romantique<\/strong><\/td><td>760 euros pour 2 personnes<\/td><\/tr><tr><td><strong>Suite<\/strong><\/td><td>860 euros pour 2 personnes<\/td><\/tr><tr><td><strong>Suite Reine Margherita<\/strong><\/td><td>940 euros pour 2 personnes<\/td><\/tr><\/tbody><\/table><\/figure>\n\n<p><strong>Offre invalide<br\/>du 24 d\u00e9cembre au 7 janvier<br\/>du 1er juillet au 1er septembre<\/strong><\/p>\n\t\t\t\t<\/div>\n\t\t\t\t<\/div>\n\t\t\t\t\t<\/div>\n\t\t\t\t<\/div>\n\t\t\t\t<\/div>\n\t\t\t\t<\/div>\n\t\t\n\t\t\t\t\t\t<\/div>\n\t\t\t\t<\/div>\n\t\t\t\t\t<\/div>\n\t\t\t\t<\/div>\n\t\t\t\t<\/div>\n\t\t","protected":false},"excerpt":{"rendered":"","protected":false},"author":1,"featured_media":0,"parent":0,"menu_order":0,"comment_status":"closed","ping_status":"closed","template":"elementor_header_footer","meta":{"footnotes":""},"class_list":["post-1664","page","type-page","status-publish","hentry"],"_links":{"self":[{"href":"https:\/\/miramonticogne.com\/fr\/wp-json\/wp\/v2\/pages\/1664","targetHints":{"allow":["GET"]}}],"collection":[{"href":"https:\/\/miramonticogne.com\/fr\/wp-json\/wp\/v2\/pages"}],"about":[{"href":"https:\/\/miramonticogne.com\/fr\/wp-json\/wp\/v2\/types\/page"}],"author":[{"embeddable":true,"href":"https:\/\/miramonticogne.com\/fr\/wp-json\/wp\/v2\/users\/1"}],"replies":[{"embeddable":true,"href":"https:\/\/miramonticogne.com\/fr\/wp-json\/wp\/v2\/comments?post=1664"}],"version-history":[{"count":4,"href":"https:\/\/miramonticogne.com\/fr\/wp-json\/wp\/v2\/pages\/1664\/revisions"}],"predecessor-version":[{"id":2179,"href":"https:\/\/miramonticogne.com\/fr\/wp-json\/wp\/v2\/pages\/1664\/revisions\/2179"}],"wp:attachment":[{"href":"https:\/\/miramonticogne.com\/fr\/wp-json\/wp\/v2\/media?parent=1664"}],"curies":[{"name":"wp","href":"https:\/\/api.w.org\/{rel}","templated":true}]}}