{"id":1646,"date":"2022-12-14T22:04:43","date_gmt":"2022-12-14T22:04:43","guid":{"rendered":"https:\/\/miramonticogne.com\/coeur-de-bois\/"},"modified":"2023-06-26T14:27:37","modified_gmt":"2023-06-26T14:27:37","slug":"coeur-de-bois","status":"publish","type":"page","link":"https:\/\/miramonticogne.com\/fr\/coeur-de-bois\/","title":{"rendered":"Coeur de Bois"},"content":{"rendered":"\t\t<div data-elementor-type=\"wp-page\" data-elementor-id=\"1646\" class=\"elementor elementor-1646 elementor-265\" data-elementor-post-type=\"page\">\n\t\t\t\t<div class=\"elementor-element elementor-element-5e48de0 e-flex e-con-boxed e-con e-parent\" data-id=\"5e48de0\" data-element_type=\"container\">\n\t\t\t\t\t<div class=\"e-con-inner\">\n\t\t\t\t<div class=\"elementor-element elementor-element-e02ce90 elementor-widget elementor-widget-qi_addons_for_elementor_image_slider\" data-id=\"e02ce90\" data-element_type=\"widget\" data-widget_type=\"qi_addons_for_elementor_image_slider.default\">\n\t\t\t\t<div class=\"elementor-widget-container\">\n\t\t\t\t\t<div class=\"qodef-shortcode qodef-m qodef-qi-image-slider qodef-col-num--1 qodef-qi-grid qodef-qi-swiper-container qodef-navigation--outside qodef-hide-navigation--680 qodef-navigation--hover-move\" data-options=\"{&quot;direction&quot;:&quot;horizontal&quot;,&quot;slidesPerView&quot;:&quot;1&quot;,&quot;spaceBetween&quot;:0,&quot;spaceBetweenTablet&quot;:30,&quot;spaceBetweenMobile&quot;:30,&quot;effect&quot;:&quot;fade&quot;,&quot;loop&quot;:true,&quot;autoplay&quot;:false,&quot;centeredSlides&quot;:false,&quot;speed&quot;:&quot;&quot;,&quot;speedAnimation&quot;:&quot;&quot;,&quot;outsideNavigation&quot;:&quot;yes&quot;,&quot;outsidePagination&quot;:&quot;no&quot;,&quot;unique&quot;:489,&quot;partialValue&quot;:0,&quot;disablePartialValue&quot;:&quot;&quot;,&quot;parallax&quot;:&quot;no&quot;}\">\n\t<div class=\"swiper-wrapper\">\n\t\t<div class=\"qodef-e swiper-slide\">\n\t<div class=\"qodef-e-inner\">\n\t\t<div class=\"qodef-e-inner-holder\">\n\t\t\t\t\t\t\t<img fetchpriority=\"high\" decoding=\"async\" width=\"1587\" height=\"1058\" src=\"https:\/\/miramonticogne.com\/wp-content\/uploads\/2023\/02\/Hotel-Miramonti-Cogne-ristorante-1.jpg\" class=\"attachment-full size-full\" alt=\"\" srcset=\"https:\/\/miramonticogne.com\/wp-content\/uploads\/2023\/02\/Hotel-Miramonti-Cogne-ristorante-1.jpg 1587w, https:\/\/miramonticogne.com\/wp-content\/uploads\/2023\/02\/Hotel-Miramonti-Cogne-ristorante-1-300x200.jpg 300w, https:\/\/miramonticogne.com\/wp-content\/uploads\/2023\/02\/Hotel-Miramonti-Cogne-ristorante-1-1024x683.jpg 1024w, https:\/\/miramonticogne.com\/wp-content\/uploads\/2023\/02\/Hotel-Miramonti-Cogne-ristorante-1-768x512.jpg 768w, https:\/\/miramonticogne.com\/wp-content\/uploads\/2023\/02\/Hotel-Miramonti-Cogne-ristorante-1-1536x1024.jpg 1536w\" sizes=\"(max-width: 1587px) 100vw, 1587px\" \/>\t\t\t\t\t<\/div>\n\t<\/div>\n\t<\/div>\n<div class=\"qodef-e swiper-slide\">\n\t<div class=\"qodef-e-inner\">\n\t\t<div class=\"qodef-e-inner-holder\">\n\t\t\t\t\t\t\t<img decoding=\"async\" width=\"1563\" height=\"1042\" src=\"https:\/\/miramonticogne.com\/wp-content\/uploads\/2023\/02\/Hotel-Miramonti-Cogne-ristorante-2-3.jpg\" class=\"attachment-full size-full\" alt=\"\" srcset=\"https:\/\/miramonticogne.com\/wp-content\/uploads\/2023\/02\/Hotel-Miramonti-Cogne-ristorante-2-3.jpg 1563w, https:\/\/miramonticogne.com\/wp-content\/uploads\/2023\/02\/Hotel-Miramonti-Cogne-ristorante-2-3-300x200.jpg 300w, https:\/\/miramonticogne.com\/wp-content\/uploads\/2023\/02\/Hotel-Miramonti-Cogne-ristorante-2-3-1024x683.jpg 1024w, https:\/\/miramonticogne.com\/wp-content\/uploads\/2023\/02\/Hotel-Miramonti-Cogne-ristorante-2-3-768x512.jpg 768w, https:\/\/miramonticogne.com\/wp-content\/uploads\/2023\/02\/Hotel-Miramonti-Cogne-ristorante-2-3-1536x1024.jpg 1536w\" sizes=\"(max-width: 1563px) 100vw, 1563px\" \/>\t\t\t\t\t<\/div>\n\t<\/div>\n\t<\/div>\n<div class=\"qodef-e swiper-slide\">\n\t<div class=\"qodef-e-inner\">\n\t\t<div class=\"qodef-e-inner-holder\">\n\t\t\t\t\t\t\t<img decoding=\"async\" width=\"1600\" height=\"1066\" src=\"https:\/\/miramonticogne.com\/wp-content\/uploads\/2023\/06\/HOTEL-MIRAMONTI-COGNE-RISTORANTE_BAL0657-003-web.jpg\" class=\"attachment-full size-full\" alt=\"\" srcset=\"https:\/\/miramonticogne.com\/wp-content\/uploads\/2023\/06\/HOTEL-MIRAMONTI-COGNE-RISTORANTE_BAL0657-003-web.jpg 1600w, https:\/\/miramonticogne.com\/wp-content\/uploads\/2023\/06\/HOTEL-MIRAMONTI-COGNE-RISTORANTE_BAL0657-003-web-300x200.jpg 300w, https:\/\/miramonticogne.com\/wp-content\/uploads\/2023\/06\/HOTEL-MIRAMONTI-COGNE-RISTORANTE_BAL0657-003-web-1024x682.jpg 1024w, https:\/\/miramonticogne.com\/wp-content\/uploads\/2023\/06\/HOTEL-MIRAMONTI-COGNE-RISTORANTE_BAL0657-003-web-768x512.jpg 768w, https:\/\/miramonticogne.com\/wp-content\/uploads\/2023\/06\/HOTEL-MIRAMONTI-COGNE-RISTORANTE_BAL0657-003-web-1536x1023.jpg 1536w\" sizes=\"(max-width: 1600px) 100vw, 1600px\" \/>\t\t\t\t\t<\/div>\n\t<\/div>\n\t<\/div>\n<div class=\"qodef-e swiper-slide\">\n\t<div class=\"qodef-e-inner\">\n\t\t<div class=\"qodef-e-inner-holder\">\n\t\t\t\t\t\t\t<img loading=\"lazy\" decoding=\"async\" width=\"1600\" height=\"1066\" src=\"https:\/\/miramonticogne.com\/wp-content\/uploads\/2023\/02\/Hotel-Miramonti-Cogne-ristorante-4.jpg\" class=\"attachment-full size-full\" alt=\"\" srcset=\"https:\/\/miramonticogne.com\/wp-content\/uploads\/2023\/02\/Hotel-Miramonti-Cogne-ristorante-4.jpg 1600w, https:\/\/miramonticogne.com\/wp-content\/uploads\/2023\/02\/Hotel-Miramonti-Cogne-ristorante-4-300x200.jpg 300w, https:\/\/miramonticogne.com\/wp-content\/uploads\/2023\/02\/Hotel-Miramonti-Cogne-ristorante-4-1024x682.jpg 1024w, https:\/\/miramonticogne.com\/wp-content\/uploads\/2023\/02\/Hotel-Miramonti-Cogne-ristorante-4-768x512.jpg 768w, https:\/\/miramonticogne.com\/wp-content\/uploads\/2023\/02\/Hotel-Miramonti-Cogne-ristorante-4-1536x1023.jpg 1536w\" sizes=\"(max-width: 1600px) 100vw, 1600px\" \/>\t\t\t\t\t<\/div>\n\t<\/div>\n\t<\/div>\n<div class=\"qodef-e swiper-slide\">\n\t<div class=\"qodef-e-inner\">\n\t\t<div class=\"qodef-e-inner-holder\">\n\t\t\t\t\t\t\t<img loading=\"lazy\" decoding=\"async\" width=\"1600\" height=\"1080\" src=\"https:\/\/miramonticogne.com\/wp-content\/uploads\/2023\/02\/Hotel-Miramonti-Cogne-ristorante-5.jpg\" class=\"attachment-full size-full\" alt=\"\" srcset=\"https:\/\/miramonticogne.com\/wp-content\/uploads\/2023\/02\/Hotel-Miramonti-Cogne-ristorante-5.jpg 1600w, https:\/\/miramonticogne.com\/wp-content\/uploads\/2023\/02\/Hotel-Miramonti-Cogne-ristorante-5-300x203.jpg 300w, https:\/\/miramonticogne.com\/wp-content\/uploads\/2023\/02\/Hotel-Miramonti-Cogne-ristorante-5-1024x691.jpg 1024w, https:\/\/miramonticogne.com\/wp-content\/uploads\/2023\/02\/Hotel-Miramonti-Cogne-ristorante-5-768x518.jpg 768w, https:\/\/miramonticogne.com\/wp-content\/uploads\/2023\/02\/Hotel-Miramonti-Cogne-ristorante-5-1536x1037.jpg 1536w\" sizes=\"(max-width: 1600px) 100vw, 1600px\" \/>\t\t\t\t\t<\/div>\n\t<\/div>\n\t<\/div>\n<div class=\"qodef-e swiper-slide\">\n\t<div class=\"qodef-e-inner\">\n\t\t<div class=\"qodef-e-inner-holder\">\n\t\t\t\t\t\t\t<img loading=\"lazy\" decoding=\"async\" width=\"1600\" height=\"1066\" src=\"https:\/\/miramonticogne.com\/wp-content\/uploads\/2023\/02\/Hotel-Miramonti-Cogne-ristorante-6.jpg\" class=\"attachment-full size-full\" alt=\"\" srcset=\"https:\/\/miramonticogne.com\/wp-content\/uploads\/2023\/02\/Hotel-Miramonti-Cogne-ristorante-6.jpg 1600w, https:\/\/miramonticogne.com\/wp-content\/uploads\/2023\/02\/Hotel-Miramonti-Cogne-ristorante-6-300x200.jpg 300w, https:\/\/miramonticogne.com\/wp-content\/uploads\/2023\/02\/Hotel-Miramonti-Cogne-ristorante-6-1024x682.jpg 1024w, https:\/\/miramonticogne.com\/wp-content\/uploads\/2023\/02\/Hotel-Miramonti-Cogne-ristorante-6-768x512.jpg 768w, https:\/\/miramonticogne.com\/wp-content\/uploads\/2023\/02\/Hotel-Miramonti-Cogne-ristorante-6-1536x1023.jpg 1536w\" sizes=\"(max-width: 1600px) 100vw, 1600px\" \/>\t\t\t\t\t<\/div>\n\t<\/div>\n\t<\/div>\n<div class=\"qodef-e swiper-slide\">\n\t<div class=\"qodef-e-inner\">\n\t\t<div class=\"qodef-e-inner-holder\">\n\t\t\t\t\t\t\t<img loading=\"lazy\" decoding=\"async\" width=\"1600\" height=\"1066\" src=\"https:\/\/miramonticogne.com\/wp-content\/uploads\/2023\/02\/Hotel-Miramonti-Cogne-ristorante-7.jpg\" class=\"attachment-full size-full\" alt=\"\" srcset=\"https:\/\/miramonticogne.com\/wp-content\/uploads\/2023\/02\/Hotel-Miramonti-Cogne-ristorante-7.jpg 1600w, https:\/\/miramonticogne.com\/wp-content\/uploads\/2023\/02\/Hotel-Miramonti-Cogne-ristorante-7-300x200.jpg 300w, https:\/\/miramonticogne.com\/wp-content\/uploads\/2023\/02\/Hotel-Miramonti-Cogne-ristorante-7-1024x682.jpg 1024w, https:\/\/miramonticogne.com\/wp-content\/uploads\/2023\/02\/Hotel-Miramonti-Cogne-ristorante-7-768x512.jpg 768w, https:\/\/miramonticogne.com\/wp-content\/uploads\/2023\/02\/Hotel-Miramonti-Cogne-ristorante-7-1536x1023.jpg 1536w\" sizes=\"(max-width: 1600px) 100vw, 1600px\" \/>\t\t\t\t\t<\/div>\n\t<\/div>\n\t<\/div>\n<div class=\"qodef-e swiper-slide\">\n\t<div class=\"qodef-e-inner\">\n\t\t<div class=\"qodef-e-inner-holder\">\n\t\t\t\t\t\t\t<img loading=\"lazy\" decoding=\"async\" width=\"1600\" height=\"1066\" src=\"https:\/\/miramonticogne.com\/wp-content\/uploads\/2023\/02\/Hotel-Miramonti-Cogne-ristorante-8.jpg\" class=\"attachment-full size-full\" alt=\"\" srcset=\"https:\/\/miramonticogne.com\/wp-content\/uploads\/2023\/02\/Hotel-Miramonti-Cogne-ristorante-8.jpg 1600w, https:\/\/miramonticogne.com\/wp-content\/uploads\/2023\/02\/Hotel-Miramonti-Cogne-ristorante-8-300x200.jpg 300w, https:\/\/miramonticogne.com\/wp-content\/uploads\/2023\/02\/Hotel-Miramonti-Cogne-ristorante-8-1024x682.jpg 1024w, https:\/\/miramonticogne.com\/wp-content\/uploads\/2023\/02\/Hotel-Miramonti-Cogne-ristorante-8-768x512.jpg 768w, https:\/\/miramonticogne.com\/wp-content\/uploads\/2023\/02\/Hotel-Miramonti-Cogne-ristorante-8-1536x1023.jpg 1536w\" sizes=\"(max-width: 1600px) 100vw, 1600px\" \/>\t\t\t\t\t<\/div>\n\t<\/div>\n\t<\/div>\n<div class=\"qodef-e swiper-slide\">\n\t<div class=\"qodef-e-inner\">\n\t\t<div class=\"qodef-e-inner-holder\">\n\t\t\t\t\t\t\t<img loading=\"lazy\" decoding=\"async\" width=\"1600\" height=\"1066\" src=\"https:\/\/miramonticogne.com\/wp-content\/uploads\/2023\/02\/Hotel-Miramonti-Cogne-ristorante-9.jpg\" class=\"attachment-full size-full\" alt=\"\" srcset=\"https:\/\/miramonticogne.com\/wp-content\/uploads\/2023\/02\/Hotel-Miramonti-Cogne-ristorante-9.jpg 1600w, https:\/\/miramonticogne.com\/wp-content\/uploads\/2023\/02\/Hotel-Miramonti-Cogne-ristorante-9-300x200.jpg 300w, https:\/\/miramonticogne.com\/wp-content\/uploads\/2023\/02\/Hotel-Miramonti-Cogne-ristorante-9-1024x682.jpg 1024w, https:\/\/miramonticogne.com\/wp-content\/uploads\/2023\/02\/Hotel-Miramonti-Cogne-ristorante-9-768x512.jpg 768w, https:\/\/miramonticogne.com\/wp-content\/uploads\/2023\/02\/Hotel-Miramonti-Cogne-ristorante-9-1536x1023.jpg 1536w\" sizes=\"(max-width: 1600px) 100vw, 1600px\" \/>\t\t\t\t\t<\/div>\n\t<\/div>\n\t<\/div>\n<div class=\"qodef-e swiper-slide\">\n\t<div class=\"qodef-e-inner\">\n\t\t<div class=\"qodef-e-inner-holder\">\n\t\t\t\t\t\t\t<img loading=\"lazy\" decoding=\"async\" width=\"1600\" height=\"1066\" src=\"https:\/\/miramonticogne.com\/wp-content\/uploads\/2023\/02\/Hotel-Miramonti-Cogne-ristorante-10.jpg\" class=\"attachment-full size-full\" alt=\"\" srcset=\"https:\/\/miramonticogne.com\/wp-content\/uploads\/2023\/02\/Hotel-Miramonti-Cogne-ristorante-10.jpg 1600w, https:\/\/miramonticogne.com\/wp-content\/uploads\/2023\/02\/Hotel-Miramonti-Cogne-ristorante-10-300x200.jpg 300w, https:\/\/miramonticogne.com\/wp-content\/uploads\/2023\/02\/Hotel-Miramonti-Cogne-ristorante-10-1024x682.jpg 1024w, https:\/\/miramonticogne.com\/wp-content\/uploads\/2023\/02\/Hotel-Miramonti-Cogne-ristorante-10-768x512.jpg 768w, https:\/\/miramonticogne.com\/wp-content\/uploads\/2023\/02\/Hotel-Miramonti-Cogne-ristorante-10-1536x1023.jpg 1536w\" sizes=\"(max-width: 1600px) 100vw, 1600px\" \/>\t\t\t\t\t<\/div>\n\t<\/div>\n\t<\/div>\n<div class=\"qodef-e swiper-slide\">\n\t<div class=\"qodef-e-inner\">\n\t\t<div class=\"qodef-e-inner-holder\">\n\t\t\t\t\t\t\t<img loading=\"lazy\" decoding=\"async\" width=\"1600\" height=\"1066\" src=\"https:\/\/miramonticogne.com\/wp-content\/uploads\/2023\/02\/Hotel-Miramonti-Cogne-ristorante-11.jpg\" class=\"attachment-full size-full\" alt=\"\" srcset=\"https:\/\/miramonticogne.com\/wp-content\/uploads\/2023\/02\/Hotel-Miramonti-Cogne-ristorante-11.jpg 1600w, https:\/\/miramonticogne.com\/wp-content\/uploads\/2023\/02\/Hotel-Miramonti-Cogne-ristorante-11-300x200.jpg 300w, https:\/\/miramonticogne.com\/wp-content\/uploads\/2023\/02\/Hotel-Miramonti-Cogne-ristorante-11-1024x682.jpg 1024w, https:\/\/miramonticogne.com\/wp-content\/uploads\/2023\/02\/Hotel-Miramonti-Cogne-ristorante-11-768x512.jpg 768w, https:\/\/miramonticogne.com\/wp-content\/uploads\/2023\/02\/Hotel-Miramonti-Cogne-ristorante-11-1536x1023.jpg 1536w\" sizes=\"(max-width: 1600px) 100vw, 1600px\" \/>\t\t\t\t\t<\/div>\n\t<\/div>\n\t<\/div>\n<div class=\"qodef-e swiper-slide\">\n\t<div class=\"qodef-e-inner\">\n\t\t<div class=\"qodef-e-inner-holder\">\n\t\t\t\t\t\t\t<img loading=\"lazy\" decoding=\"async\" width=\"1600\" height=\"1066\" src=\"https:\/\/miramonticogne.com\/wp-content\/uploads\/2023\/02\/Hotel-Miramonti-Cogne-ristorante-12.jpg\" class=\"attachment-full size-full\" alt=\"\" srcset=\"https:\/\/miramonticogne.com\/wp-content\/uploads\/2023\/02\/Hotel-Miramonti-Cogne-ristorante-12.jpg 1600w, https:\/\/miramonticogne.com\/wp-content\/uploads\/2023\/02\/Hotel-Miramonti-Cogne-ristorante-12-300x200.jpg 300w, https:\/\/miramonticogne.com\/wp-content\/uploads\/2023\/02\/Hotel-Miramonti-Cogne-ristorante-12-1024x682.jpg 1024w, https:\/\/miramonticogne.com\/wp-content\/uploads\/2023\/02\/Hotel-Miramonti-Cogne-ristorante-12-768x512.jpg 768w, https:\/\/miramonticogne.com\/wp-content\/uploads\/2023\/02\/Hotel-Miramonti-Cogne-ristorante-12-1536x1023.jpg 1536w\" sizes=\"(max-width: 1600px) 100vw, 1600px\" \/>\t\t\t\t\t<\/div>\n\t<\/div>\n\t<\/div>\n<div class=\"qodef-e swiper-slide\">\n\t<div class=\"qodef-e-inner\">\n\t\t<div class=\"qodef-e-inner-holder\">\n\t\t\t\t\t\t\t<img loading=\"lazy\" decoding=\"async\" width=\"1600\" height=\"1066\" src=\"https:\/\/miramonticogne.com\/wp-content\/uploads\/2023\/02\/Hotel-Miramonti-Cogne-ristorante-13.jpg\" class=\"attachment-full size-full\" alt=\"\" srcset=\"https:\/\/miramonticogne.com\/wp-content\/uploads\/2023\/02\/Hotel-Miramonti-Cogne-ristorante-13.jpg 1600w, https:\/\/miramonticogne.com\/wp-content\/uploads\/2023\/02\/Hotel-Miramonti-Cogne-ristorante-13-300x200.jpg 300w, https:\/\/miramonticogne.com\/wp-content\/uploads\/2023\/02\/Hotel-Miramonti-Cogne-ristorante-13-1024x682.jpg 1024w, https:\/\/miramonticogne.com\/wp-content\/uploads\/2023\/02\/Hotel-Miramonti-Cogne-ristorante-13-768x512.jpg 768w, https:\/\/miramonticogne.com\/wp-content\/uploads\/2023\/02\/Hotel-Miramonti-Cogne-ristorante-13-1536x1023.jpg 1536w\" sizes=\"(max-width: 1600px) 100vw, 1600px\" \/>\t\t\t\t\t<\/div>\n\t<\/div>\n\t<\/div>\n\t<\/div>\n\t<\/div>\n\t\t<div class=\"swiper-button-prev swiper-button-outside swiper-button-prev-489\"><svg xmlns=\"http:\/\/www.w3.org\/2000\/svg\" xmlns:xlink=\"http:\/\/www.w3.org\/1999\/xlink\" xmlns:serif=\"http:\/\/www.serif.com\/\" width=\"100%\" height=\"100%\" viewBox=\"0 0 134 134\" xml:space=\"preserve\" style=\"fill-rule:evenodd;clip-rule:evenodd;stroke-linejoin:round;stroke-miterlimit:2;\"><path d=\"M89.167,30.833l-35.417,35.417l35.417,35.417l2.916,-2.917l-32.5,-32.5l32.5,-32.5l-2.916,-2.917Z\" style=\"fill-rule:nonzero;\"><\/path><\/svg><\/div>\n\t<div class=\"swiper-button-next swiper-button-outside swiper-button-next-489\"><svg xmlns=\"http:\/\/www.w3.org\/2000\/svg\" xmlns:xlink=\"http:\/\/www.w3.org\/1999\/xlink\" xmlns:serif=\"http:\/\/www.serif.com\/\" width=\"100%\" height=\"100%\" viewBox=\"0 0 134 134\" xml:space=\"preserve\" style=\"fill-rule:evenodd;clip-rule:evenodd;stroke-linejoin:round;stroke-miterlimit:2;\"><path d=\"M56.667,101.667l35.416,-35.417l-35.416,-35.417l-2.917,2.917l32.5,32.5l-32.5,32.5l2.917,2.917Z\" style=\"fill-rule:nonzero;\"><\/path><\/svg><\/div>\n\t\t\t\t\t<\/div>\n\t\t\t\t<\/div>\n\t\t\t\t\t<\/div>\n\t\t\t\t<\/div>\n\t\t<div class=\"elementor-element elementor-element-6c79ebf e-flex e-con-boxed e-con e-parent\" data-id=\"6c79ebf\" data-element_type=\"container\">\n\t\t\t\t\t<div class=\"e-con-inner\">\n\t\t\t\t<div class=\"elementor-element elementor-element-a71e57d elementor-widget elementor-widget-heading\" data-id=\"a71e57d\" data-element_type=\"widget\" data-widget_type=\"heading.default\">\n\t\t\t\t<div class=\"elementor-widget-container\">\n\t\t\t\t\t<h2 class=\"elementor-heading-title elementor-size-default\">Restaurant Coeur de bois<\/h2>\t\t\t\t<\/div>\n\t\t\t\t<\/div>\n\t\t\t\t<div class=\"elementor-element elementor-element-f07f767 elementor-widget elementor-widget-text-editor\" data-id=\"f07f767\" data-element_type=\"widget\" data-widget_type=\"text-editor.default\">\n\t\t\t\t<div class=\"elementor-widget-container\">\n\t\t\t\t\t\t\t\t\t<p>Ouvert tous les jours.<br>Le d\u00e9jeuner est servi de 12h30 \u00e0 14h.<br>Le d\u00eener est servi de 19h30 \u00e0 21h.<\/p>\n<p><\/p>\n<p><b>Reservations<\/b><\/p>\n<p>+39 \u2013 0165-74030<\/p>\n<p><a href=\"mailto:miramonti@miramonticogne.com\">miramonti@miramonticogne.com<\/a><\/p>\t\t\t\t\t\t\t\t<\/div>\n\t\t\t\t<\/div>\n\t\t\t\t\t<\/div>\n\t\t\t\t<\/div>\n\t\t\t\t<\/div>\n\t\t","protected":false},"excerpt":{"rendered":"<p>Restaurant Coeur de bois Ouvert tous les jours.Le d\u00e9jeuner est servi de 12h30 \u00e0 14h.Le d\u00eener est servi de 19h30 \u00e0 21h. Reservations +39 \u2013 0165-74030 miramonti@miramonticogne.com<\/p>\n","protected":false},"author":1,"featured_media":0,"parent":0,"menu_order":0,"comment_status":"closed","ping_status":"closed","template":"elementor_header_footer","meta":{"footnotes":""},"class_list":["post-1646","page","type-page","status-publish","hentry"],"_links":{"self":[{"href":"https:\/\/miramonticogne.com\/fr\/wp-json\/wp\/v2\/pages\/1646","targetHints":{"allow":["GET"]}}],"collection":[{"href":"https:\/\/miramonticogne.com\/fr\/wp-json\/wp\/v2\/pages"}],"about":[{"href":"https:\/\/miramonticogne.com\/fr\/wp-json\/wp\/v2\/types\/page"}],"author":[{"embeddable":true,"href":"https:\/\/miramonticogne.com\/fr\/wp-json\/wp\/v2\/users\/1"}],"replies":[{"embeddable":true,"href":"https:\/\/miramonticogne.com\/fr\/wp-json\/wp\/v2\/comments?post=1646"}],"version-history":[{"count":7,"href":"https:\/\/miramonticogne.com\/fr\/wp-json\/wp\/v2\/pages\/1646\/revisions"}],"predecessor-version":[{"id":2082,"href":"https:\/\/miramonticogne.com\/fr\/wp-json\/wp\/v2\/pages\/1646\/revisions\/2082"}],"wp:attachment":[{"href":"https:\/\/miramonticogne.com\/fr\/wp-json\/wp\/v2\/media?parent=1646"}],"curies":[{"name":"wp","href":"https:\/\/api.w.org\/{rel}","templated":true}]}}