{"id":1642,"date":"2022-12-14T21:28:00","date_gmt":"2022-12-14T21:28:00","guid":{"rendered":"https:\/\/miramonticogne.com\/bar-et-restaurant\/"},"modified":"2023-06-26T14:28:51","modified_gmt":"2023-06-26T14:28:51","slug":"bar-et-restaurant","status":"publish","type":"page","link":"https:\/\/miramonticogne.com\/fr\/bar-et-restaurant\/","title":{"rendered":"Bar et restaurant"},"content":{"rendered":"\t\t<div data-elementor-type=\"wp-page\" data-elementor-id=\"1642\" class=\"elementor elementor-1642 elementor-227\" data-elementor-post-type=\"page\">\n\t\t\t\t<div class=\"elementor-element elementor-element-b855338 e-flex e-con-boxed e-con e-parent\" data-id=\"b855338\" data-element_type=\"container\" data-e-type=\"container\">\n\t\t\t\t\t<div class=\"e-con-inner\">\n\t\t\t\t\t<\/div>\n\t\t\t\t<\/div>\n\t\t<div class=\"elementor-element elementor-element-8e23f06 e-flex e-con-boxed e-con e-parent\" data-id=\"8e23f06\" data-element_type=\"container\" data-e-type=\"container\">\n\t\t\t\t\t<div class=\"e-con-inner\">\n\t\t<div class=\"elementor-element elementor-element-de3ecc2 e-con-full e-flex e-con e-parent\" data-id=\"de3ecc2\" data-element_type=\"container\" data-e-type=\"container\" data-settings=\"{&quot;background_background&quot;:&quot;classic&quot;}\">\n\t\t\t\t<div class=\"elementor-element elementor-element-53cce20 elementor-widget elementor-widget-image\" data-id=\"53cce20\" data-element_type=\"widget\" data-e-type=\"widget\" data-widget_type=\"image.default\">\n\t\t\t\t<div class=\"elementor-widget-container\">\n\t\t\t\t\t\t\t\t\t\t\t\t\t\t\t<img fetchpriority=\"high\" decoding=\"async\" width=\"800\" height=\"534\" src=\"https:\/\/miramonticogne.com\/wp-content\/uploads\/2023\/02\/Hotel-Miramonti-Cogne-ristorante-1-1024x683.jpg\" class=\"attachment-large size-large wp-image-1481\" alt=\"\" srcset=\"https:\/\/miramonticogne.com\/wp-content\/uploads\/2023\/02\/Hotel-Miramonti-Cogne-ristorante-1-1024x683.jpg 1024w, https:\/\/miramonticogne.com\/wp-content\/uploads\/2023\/02\/Hotel-Miramonti-Cogne-ristorante-1-300x200.jpg 300w, https:\/\/miramonticogne.com\/wp-content\/uploads\/2023\/02\/Hotel-Miramonti-Cogne-ristorante-1-768x512.jpg 768w, https:\/\/miramonticogne.com\/wp-content\/uploads\/2023\/02\/Hotel-Miramonti-Cogne-ristorante-1-1536x1024.jpg 1536w, https:\/\/miramonticogne.com\/wp-content\/uploads\/2023\/02\/Hotel-Miramonti-Cogne-ristorante-1.jpg 1587w\" sizes=\"(max-width: 800px) 100vw, 800px\" \/>\t\t\t\t\t\t\t\t\t\t\t\t\t\t\t<\/div>\n\t\t\t\t<\/div>\n\t\t\t\t<div class=\"elementor-element elementor-element-da1afea elementor-widget elementor-widget-heading\" data-id=\"da1afea\" data-element_type=\"widget\" data-e-type=\"widget\" data-widget_type=\"heading.default\">\n\t\t\t\t<div class=\"elementor-widget-container\">\n\t\t\t\t\t<h2 class=\"elementor-heading-title elementor-size-default\">Coeur de bois<\/h2>\t\t\t\t<\/div>\n\t\t\t\t<\/div>\n\t\t<div class=\"elementor-element elementor-element-f74280f e-flex e-con-boxed e-con e-parent\" data-id=\"f74280f\" data-element_type=\"container\" data-e-type=\"container\">\n\t\t\t\t\t<div class=\"e-con-inner\">\n\t\t\t\t<div class=\"elementor-element elementor-element-53e0c6f elementor-mobile-align-center elementor-widget-mobile__width-auto elementor-widget elementor-widget-button\" data-id=\"53e0c6f\" data-element_type=\"widget\" data-e-type=\"widget\" data-widget_type=\"button.default\">\n\t\t\t\t<div class=\"elementor-widget-container\">\n\t\t\t\t\t\t\t\t\t<div class=\"elementor-button-wrapper\">\n\t\t\t\t\t<a class=\"elementor-button elementor-button-link elementor-size-sm\" href=\"https:\/\/miramonticogne.com\/fr\/coeur-de-bois\/\">\n\t\t\t\t\t\t<span class=\"elementor-button-content-wrapper\">\n\t\t\t\t\t\t\t\t\t<span class=\"elementor-button-text\">D\u00e9couvrir<\/span>\n\t\t\t\t\t<\/span>\n\t\t\t\t\t<\/a>\n\t\t\t\t<\/div>\n\t\t\t\t\t\t\t\t<\/div>\n\t\t\t\t<\/div>\n\t\t\t\t\t<\/div>\n\t\t\t\t<\/div>\n\t\t\t\t<\/div>\n\t\t<div class=\"elementor-element elementor-element-1f59047 e-con-full e-flex e-con e-parent\" data-id=\"1f59047\" data-element_type=\"container\" data-e-type=\"container\" data-settings=\"{&quot;background_background&quot;:&quot;classic&quot;}\">\n\t\t\t\t<div class=\"elementor-element elementor-element-798331d elementor-widget elementor-widget-image\" data-id=\"798331d\" data-element_type=\"widget\" data-e-type=\"widget\" data-widget_type=\"image.default\">\n\t\t\t\t<div class=\"elementor-widget-container\">\n\t\t\t\t\t\t\t\t\t\t\t\t\t\t\t<img decoding=\"async\" width=\"800\" height=\"534\" src=\"https:\/\/miramonticogne.com\/wp-content\/uploads\/2022\/12\/Hotel-Miramonti-a-Cogne-COLAZIONE-1-1024x683.jpg\" class=\"attachment-large size-large wp-image-1217\" alt=\"\" srcset=\"https:\/\/miramonticogne.com\/wp-content\/uploads\/2022\/12\/Hotel-Miramonti-a-Cogne-COLAZIONE-1-1024x683.jpg 1024w, https:\/\/miramonticogne.com\/wp-content\/uploads\/2022\/12\/Hotel-Miramonti-a-Cogne-COLAZIONE-1-300x200.jpg 300w, https:\/\/miramonticogne.com\/wp-content\/uploads\/2022\/12\/Hotel-Miramonti-a-Cogne-COLAZIONE-1-768x512.jpg 768w, https:\/\/miramonticogne.com\/wp-content\/uploads\/2022\/12\/Hotel-Miramonti-a-Cogne-COLAZIONE-1-1536x1024.jpg 1536w, https:\/\/miramonticogne.com\/wp-content\/uploads\/2022\/12\/Hotel-Miramonti-a-Cogne-COLAZIONE-1.jpg 1563w\" sizes=\"(max-width: 800px) 100vw, 800px\" \/>\t\t\t\t\t\t\t\t\t\t\t\t\t\t\t<\/div>\n\t\t\t\t<\/div>\n\t\t\t\t<div class=\"elementor-element elementor-element-7cf8c63 elementor-widget elementor-widget-heading\" data-id=\"7cf8c63\" data-element_type=\"widget\" data-e-type=\"widget\" data-widget_type=\"heading.default\">\n\t\t\t\t<div class=\"elementor-widget-container\">\n\t\t\t\t\t<h2 class=\"elementor-heading-title elementor-size-default\">Le petit d\u00e9jeuner<\/h2>\t\t\t\t<\/div>\n\t\t\t\t<\/div>\n\t\t<div class=\"elementor-element elementor-element-e585b1c e-flex e-con-boxed e-con e-parent\" data-id=\"e585b1c\" data-element_type=\"container\" data-e-type=\"container\">\n\t\t\t\t\t<div class=\"e-con-inner\">\n\t\t\t\t<div class=\"elementor-element elementor-element-43a255b elementor-mobile-align-center elementor-widget-mobile__width-auto elementor-widget elementor-widget-button\" data-id=\"43a255b\" data-element_type=\"widget\" data-e-type=\"widget\" data-widget_type=\"button.default\">\n\t\t\t\t<div class=\"elementor-widget-container\">\n\t\t\t\t\t\t\t\t\t<div class=\"elementor-button-wrapper\">\n\t\t\t\t\t<a class=\"elementor-button elementor-button-link elementor-size-sm\" href=\"https:\/\/miramonticogne.com\/fr\/le-petit-dejeuner\/\">\n\t\t\t\t\t\t<span class=\"elementor-button-content-wrapper\">\n\t\t\t\t\t\t\t\t\t<span class=\"elementor-button-text\">D\u00e9couvrir<\/span>\n\t\t\t\t\t<\/span>\n\t\t\t\t\t<\/a>\n\t\t\t\t<\/div>\n\t\t\t\t\t\t\t\t<\/div>\n\t\t\t\t<\/div>\n\t\t\t\t\t<\/div>\n\t\t\t\t<\/div>\n\t\t\t\t<\/div>\n\t\t<div class=\"elementor-element elementor-element-e064ee5 e-con-full e-flex e-con e-parent\" data-id=\"e064ee5\" data-element_type=\"container\" data-e-type=\"container\" data-settings=\"{&quot;background_background&quot;:&quot;classic&quot;}\">\n\t\t\t\t<div class=\"elementor-element elementor-element-8e118a6 elementor-widget elementor-widget-image\" data-id=\"8e118a6\" data-element_type=\"widget\" data-e-type=\"widget\" data-widget_type=\"image.default\">\n\t\t\t\t<div class=\"elementor-widget-container\">\n\t\t\t\t\t\t\t\t\t\t\t\t\t\t\t<img decoding=\"async\" width=\"800\" height=\"533\" src=\"https:\/\/miramonticogne.com\/wp-content\/uploads\/2023\/02\/Hotel-Miramonti-Cogne-bar-1-1-1024x682.jpg\" class=\"attachment-large size-large wp-image-1505\" alt=\"\" srcset=\"https:\/\/miramonticogne.com\/wp-content\/uploads\/2023\/02\/Hotel-Miramonti-Cogne-bar-1-1-1024x682.jpg 1024w, https:\/\/miramonticogne.com\/wp-content\/uploads\/2023\/02\/Hotel-Miramonti-Cogne-bar-1-1-300x200.jpg 300w, https:\/\/miramonticogne.com\/wp-content\/uploads\/2023\/02\/Hotel-Miramonti-Cogne-bar-1-1-768x512.jpg 768w, https:\/\/miramonticogne.com\/wp-content\/uploads\/2023\/02\/Hotel-Miramonti-Cogne-bar-1-1-1536x1023.jpg 1536w, https:\/\/miramonticogne.com\/wp-content\/uploads\/2023\/02\/Hotel-Miramonti-Cogne-bar-1-1.jpg 1600w\" sizes=\"(max-width: 800px) 100vw, 800px\" \/>\t\t\t\t\t\t\t\t\t\t\t\t\t\t\t<\/div>\n\t\t\t\t<\/div>\n\t\t\t\t<div class=\"elementor-element elementor-element-8f32f2b elementor-widget elementor-widget-heading\" data-id=\"8f32f2b\" data-element_type=\"widget\" data-e-type=\"widget\" data-widget_type=\"heading.default\">\n\t\t\t\t<div class=\"elementor-widget-container\">\n\t\t\t\t\t<h2 class=\"elementor-heading-title elementor-size-default\">Bar<\/h2>\t\t\t\t<\/div>\n\t\t\t\t<\/div>\n\t\t<div class=\"elementor-element elementor-element-548f9aa e-flex e-con-boxed e-con e-parent\" data-id=\"548f9aa\" data-element_type=\"container\" data-e-type=\"container\">\n\t\t\t\t\t<div class=\"e-con-inner\">\n\t\t\t\t<div class=\"elementor-element elementor-element-010e83b elementor-mobile-align-center elementor-widget-mobile__width-auto elementor-widget elementor-widget-button\" data-id=\"010e83b\" data-element_type=\"widget\" data-e-type=\"widget\" data-widget_type=\"button.default\">\n\t\t\t\t<div class=\"elementor-widget-container\">\n\t\t\t\t\t\t\t\t\t<div class=\"elementor-button-wrapper\">\n\t\t\t\t\t<a class=\"elementor-button elementor-button-link elementor-size-sm\" href=\"https:\/\/miramonticogne.com\/fr\/bar\/\">\n\t\t\t\t\t\t<span class=\"elementor-button-content-wrapper\">\n\t\t\t\t\t\t\t\t\t<span class=\"elementor-button-text\">D\u00e9couvrir<\/span>\n\t\t\t\t\t<\/span>\n\t\t\t\t\t<\/a>\n\t\t\t\t<\/div>\n\t\t\t\t\t\t\t\t<\/div>\n\t\t\t\t<\/div>\n\t\t\t\t\t<\/div>\n\t\t\t\t<\/div>\n\t\t\t\t<\/div>\n\t\t\t\t\t<\/div>\n\t\t\t\t<\/div>\n\t\t<div class=\"elementor-element elementor-element-e282e21 e-flex e-con-boxed e-con e-parent\" data-id=\"e282e21\" data-element_type=\"container\" data-e-type=\"container\">\n\t\t\t\t\t<div class=\"e-con-inner\">\n\t\t<div class=\"elementor-element elementor-element-0eba70b e-con-full e-flex e-con e-parent\" data-id=\"0eba70b\" data-element_type=\"container\" data-e-type=\"container\" data-settings=\"{&quot;background_background&quot;:&quot;classic&quot;}\">\n\t\t\t\t<div class=\"elementor-element elementor-element-b7fc497 elementor-widget elementor-widget-image\" data-id=\"b7fc497\" data-element_type=\"widget\" data-e-type=\"widget\" data-widget_type=\"image.default\">\n\t\t\t\t<div class=\"elementor-widget-container\">\n\t\t\t\t\t\t\t\t\t\t\t\t\t\t\t<img loading=\"lazy\" decoding=\"async\" width=\"800\" height=\"533\" src=\"https:\/\/miramonticogne.com\/wp-content\/uploads\/2023\/06\/HOTEL-MIRAMONTI-COGNE-TERRAZZA_BAL0832-001-web-1024x682.jpg\" class=\"attachment-large size-large wp-image-2008\" alt=\"\" srcset=\"https:\/\/miramonticogne.com\/wp-content\/uploads\/2023\/06\/HOTEL-MIRAMONTI-COGNE-TERRAZZA_BAL0832-001-web-1024x682.jpg 1024w, https:\/\/miramonticogne.com\/wp-content\/uploads\/2023\/06\/HOTEL-MIRAMONTI-COGNE-TERRAZZA_BAL0832-001-web-300x200.jpg 300w, https:\/\/miramonticogne.com\/wp-content\/uploads\/2023\/06\/HOTEL-MIRAMONTI-COGNE-TERRAZZA_BAL0832-001-web-768x512.jpg 768w, https:\/\/miramonticogne.com\/wp-content\/uploads\/2023\/06\/HOTEL-MIRAMONTI-COGNE-TERRAZZA_BAL0832-001-web-1536x1023.jpg 1536w, https:\/\/miramonticogne.com\/wp-content\/uploads\/2023\/06\/HOTEL-MIRAMONTI-COGNE-TERRAZZA_BAL0832-001-web.jpg 1600w\" sizes=\"(max-width: 800px) 100vw, 800px\" \/>\t\t\t\t\t\t\t\t\t\t\t\t\t\t\t<\/div>\n\t\t\t\t<\/div>\n\t\t\t\t<div class=\"elementor-element elementor-element-ee7000a elementor-widget elementor-widget-heading\" data-id=\"ee7000a\" data-element_type=\"widget\" data-e-type=\"widget\" data-widget_type=\"heading.default\">\n\t\t\t\t<div class=\"elementor-widget-container\">\n\t\t\t\t\t<h2 class=\"elementor-heading-title elementor-size-default\">Terrasse<\/h2>\t\t\t\t<\/div>\n\t\t\t\t<\/div>\n\t\t<div class=\"elementor-element elementor-element-8eae75a e-flex e-con-boxed e-con e-parent\" data-id=\"8eae75a\" data-element_type=\"container\" data-e-type=\"container\">\n\t\t\t\t\t<div class=\"e-con-inner\">\n\t\t\t\t<div class=\"elementor-element elementor-element-bdf82db elementor-mobile-align-center elementor-widget-mobile__width-auto elementor-widget elementor-widget-button\" data-id=\"bdf82db\" data-element_type=\"widget\" data-e-type=\"widget\" data-widget_type=\"button.default\">\n\t\t\t\t<div class=\"elementor-widget-container\">\n\t\t\t\t\t\t\t\t\t<div class=\"elementor-button-wrapper\">\n\t\t\t\t\t<a class=\"elementor-button elementor-button-link elementor-size-sm\" href=\"https:\/\/miramonticogne.com\/fr\/terrasse\/\">\n\t\t\t\t\t\t<span class=\"elementor-button-content-wrapper\">\n\t\t\t\t\t\t\t\t\t<span class=\"elementor-button-text\">D\u00e9couvrir<\/span>\n\t\t\t\t\t<\/span>\n\t\t\t\t\t<\/a>\n\t\t\t\t<\/div>\n\t\t\t\t\t\t\t\t<\/div>\n\t\t\t\t<\/div>\n\t\t\t\t\t<\/div>\n\t\t\t\t<\/div>\n\t\t\t\t<\/div>\n\t\t<div class=\"elementor-element elementor-element-5947f0a e-con-full e-flex e-con e-parent\" data-id=\"5947f0a\" data-element_type=\"container\" data-e-type=\"container\" data-settings=\"{&quot;background_background&quot;:&quot;classic&quot;}\">\n\t\t\t\t<\/div>\n\t\t<div class=\"elementor-element elementor-element-b1a8f83 e-con-full e-flex e-con e-parent\" data-id=\"b1a8f83\" data-element_type=\"container\" data-e-type=\"container\" data-settings=\"{&quot;background_background&quot;:&quot;classic&quot;}\">\n\t\t\t\t<\/div>\n\t\t\t\t\t<\/div>\n\t\t\t\t<\/div>\n\t\t\t\t<\/div>\n\t\t","protected":false},"excerpt":{"rendered":"<p>Coeur de bois D\u00e9couvrir Le petit d\u00e9jeuner D\u00e9couvrir Bar D\u00e9couvrir Terrasse D\u00e9couvrir<\/p>\n","protected":false},"author":1,"featured_media":0,"parent":0,"menu_order":0,"comment_status":"closed","ping_status":"closed","template":"elementor_header_footer","meta":{"footnotes":""},"class_list":["post-1642","page","type-page","status-publish","hentry"],"_links":{"self":[{"href":"https:\/\/miramonticogne.com\/fr\/wp-json\/wp\/v2\/pages\/1642","targetHints":{"allow":["GET"]}}],"collection":[{"href":"https:\/\/miramonticogne.com\/fr\/wp-json\/wp\/v2\/pages"}],"about":[{"href":"https:\/\/miramonticogne.com\/fr\/wp-json\/wp\/v2\/types\/page"}],"author":[{"embeddable":true,"href":"https:\/\/miramonticogne.com\/fr\/wp-json\/wp\/v2\/users\/1"}],"replies":[{"embeddable":true,"href":"https:\/\/miramonticogne.com\/fr\/wp-json\/wp\/v2\/comments?post=1642"}],"version-history":[{"count":9,"href":"https:\/\/miramonticogne.com\/fr\/wp-json\/wp\/v2\/pages\/1642\/revisions"}],"predecessor-version":[{"id":2085,"href":"https:\/\/miramonticogne.com\/fr\/wp-json\/wp\/v2\/pages\/1642\/revisions\/2085"}],"wp:attachment":[{"href":"https:\/\/miramonticogne.com\/fr\/wp-json\/wp\/v2\/media?parent=1642"}],"curies":[{"name":"wp","href":"https:\/\/api.w.org\/{rel}","templated":true}]}}