{"id":1640,"date":"2023-02-11T09:04:22","date_gmt":"2023-02-11T09:04:22","guid":{"rendered":"https:\/\/miramonticogne.com\/chambres-communicantes\/"},"modified":"2023-09-19T08:33:44","modified_gmt":"2023-09-19T08:33:44","slug":"chambres-communicantes","status":"publish","type":"page","link":"https:\/\/miramonticogne.com\/fr\/chambres-communicantes\/","title":{"rendered":"Chambres Communicantes"},"content":{"rendered":"\t\t<div data-elementor-type=\"wp-page\" data-elementor-id=\"1640\" class=\"elementor elementor-1640 elementor-466\" data-elementor-post-type=\"page\">\n\t\t\t\t<div class=\"elementor-element elementor-element-4d65841 e-flex e-con-boxed e-con e-parent\" data-id=\"4d65841\" data-element_type=\"container\" data-e-type=\"container\">\n\t\t\t\t\t<div class=\"e-con-inner\">\n\t\t\t\t<div class=\"elementor-element elementor-element-04865af elementor-widget elementor-widget-qi_addons_for_elementor_image_slider\" data-id=\"04865af\" data-element_type=\"widget\" data-e-type=\"widget\" data-widget_type=\"qi_addons_for_elementor_image_slider.default\">\n\t\t\t\t<div class=\"elementor-widget-container\">\n\t\t\t\t\t<div class=\"qodef-shortcode qodef-m qodef-qi-image-slider qodef-col-num--1 qodef-qi-grid qodef-qi-swiper-container qodef-navigation--outside qodef-hide-navigation--680 qodef-navigation--hover-move\" data-options=\"{&quot;direction&quot;:&quot;horizontal&quot;,&quot;slidesPerView&quot;:&quot;1&quot;,&quot;spaceBetween&quot;:0,&quot;spaceBetweenTablet&quot;:30,&quot;spaceBetweenMobile&quot;:30,&quot;effect&quot;:&quot;fade&quot;,&quot;loop&quot;:true,&quot;autoplay&quot;:false,&quot;centeredSlides&quot;:false,&quot;speed&quot;:&quot;&quot;,&quot;speedAnimation&quot;:&quot;&quot;,&quot;outsideNavigation&quot;:&quot;yes&quot;,&quot;outsidePagination&quot;:&quot;no&quot;,&quot;unique&quot;:261,&quot;partialValue&quot;:0,&quot;disablePartialValue&quot;:&quot;&quot;,&quot;parallax&quot;:&quot;no&quot;}\">\n\t<div class=\"swiper-wrapper\">\n\t\t<div class=\"qodef-e swiper-slide\">\n\t<div class=\"qodef-e-inner\">\n\t\t<div class=\"qodef-e-inner-holder\">\n\t\t\t\t\t\t\t<img fetchpriority=\"high\" decoding=\"async\" width=\"1600\" height=\"1066\" src=\"https:\/\/miramonticogne.com\/wp-content\/uploads\/2023\/06\/HOTEL-MIRAMONTI-COMUNICANTI-_BAL0423_B-001-web.jpg\" class=\"attachment-full size-full\" alt=\"\" srcset=\"https:\/\/miramonticogne.com\/wp-content\/uploads\/2023\/06\/HOTEL-MIRAMONTI-COMUNICANTI-_BAL0423_B-001-web.jpg 1600w, https:\/\/miramonticogne.com\/wp-content\/uploads\/2023\/06\/HOTEL-MIRAMONTI-COMUNICANTI-_BAL0423_B-001-web-300x200.jpg 300w, https:\/\/miramonticogne.com\/wp-content\/uploads\/2023\/06\/HOTEL-MIRAMONTI-COMUNICANTI-_BAL0423_B-001-web-1024x682.jpg 1024w, https:\/\/miramonticogne.com\/wp-content\/uploads\/2023\/06\/HOTEL-MIRAMONTI-COMUNICANTI-_BAL0423_B-001-web-768x512.jpg 768w, https:\/\/miramonticogne.com\/wp-content\/uploads\/2023\/06\/HOTEL-MIRAMONTI-COMUNICANTI-_BAL0423_B-001-web-1536x1023.jpg 1536w\" sizes=\"(max-width: 1600px) 100vw, 1600px\" \/>\t\t\t\t\t<\/div>\n\t<\/div>\n\t<\/div>\n<div class=\"qodef-e swiper-slide\">\n\t<div class=\"qodef-e-inner\">\n\t\t<div class=\"qodef-e-inner-holder\">\n\t\t\t\t\t\t\t<img decoding=\"async\" width=\"1600\" height=\"1066\" src=\"https:\/\/miramonticogne.com\/wp-content\/uploads\/2023\/06\/HOTEL-MIRAMONTI-COMUNICANTI-_BAL0405_B-002_web.jpg\" class=\"attachment-full size-full\" alt=\"\" srcset=\"https:\/\/miramonticogne.com\/wp-content\/uploads\/2023\/06\/HOTEL-MIRAMONTI-COMUNICANTI-_BAL0405_B-002_web.jpg 1600w, https:\/\/miramonticogne.com\/wp-content\/uploads\/2023\/06\/HOTEL-MIRAMONTI-COMUNICANTI-_BAL0405_B-002_web-300x200.jpg 300w, https:\/\/miramonticogne.com\/wp-content\/uploads\/2023\/06\/HOTEL-MIRAMONTI-COMUNICANTI-_BAL0405_B-002_web-1024x682.jpg 1024w, https:\/\/miramonticogne.com\/wp-content\/uploads\/2023\/06\/HOTEL-MIRAMONTI-COMUNICANTI-_BAL0405_B-002_web-768x512.jpg 768w, https:\/\/miramonticogne.com\/wp-content\/uploads\/2023\/06\/HOTEL-MIRAMONTI-COMUNICANTI-_BAL0405_B-002_web-1536x1023.jpg 1536w\" sizes=\"(max-width: 1600px) 100vw, 1600px\" \/>\t\t\t\t\t<\/div>\n\t<\/div>\n\t<\/div>\n<div class=\"qodef-e swiper-slide\">\n\t<div class=\"qodef-e-inner\">\n\t\t<div class=\"qodef-e-inner-holder\">\n\t\t\t\t\t\t\t<img decoding=\"async\" width=\"1066\" height=\"1600\" src=\"https:\/\/miramonticogne.com\/wp-content\/uploads\/2023\/06\/HOTEL-MIRAMONTI-COMUNICANTI_BAL0439-003-web.jpg\" class=\"attachment-full size-full\" alt=\"\" srcset=\"https:\/\/miramonticogne.com\/wp-content\/uploads\/2023\/06\/HOTEL-MIRAMONTI-COMUNICANTI_BAL0439-003-web.jpg 1066w, https:\/\/miramonticogne.com\/wp-content\/uploads\/2023\/06\/HOTEL-MIRAMONTI-COMUNICANTI_BAL0439-003-web-200x300.jpg 200w, https:\/\/miramonticogne.com\/wp-content\/uploads\/2023\/06\/HOTEL-MIRAMONTI-COMUNICANTI_BAL0439-003-web-682x1024.jpg 682w, https:\/\/miramonticogne.com\/wp-content\/uploads\/2023\/06\/HOTEL-MIRAMONTI-COMUNICANTI_BAL0439-003-web-768x1153.jpg 768w, https:\/\/miramonticogne.com\/wp-content\/uploads\/2023\/06\/HOTEL-MIRAMONTI-COMUNICANTI_BAL0439-003-web-1023x1536.jpg 1023w\" sizes=\"(max-width: 1066px) 100vw, 1066px\" \/>\t\t\t\t\t<\/div>\n\t<\/div>\n\t<\/div>\n<div class=\"qodef-e swiper-slide\">\n\t<div class=\"qodef-e-inner\">\n\t\t<div class=\"qodef-e-inner-holder\">\n\t\t\t\t\t\t\t<img loading=\"lazy\" decoding=\"async\" width=\"1600\" height=\"1282\" src=\"https:\/\/miramonticogne.com\/wp-content\/uploads\/2023\/02\/Hotel-Miramonti-Cogne-camera-classica-2.jpg\" class=\"attachment-full size-full\" alt=\"\" srcset=\"https:\/\/miramonticogne.com\/wp-content\/uploads\/2023\/02\/Hotel-Miramonti-Cogne-camera-classica-2.jpg 1600w, https:\/\/miramonticogne.com\/wp-content\/uploads\/2023\/02\/Hotel-Miramonti-Cogne-camera-classica-2-300x240.jpg 300w, https:\/\/miramonticogne.com\/wp-content\/uploads\/2023\/02\/Hotel-Miramonti-Cogne-camera-classica-2-1024x820.jpg 1024w, https:\/\/miramonticogne.com\/wp-content\/uploads\/2023\/02\/Hotel-Miramonti-Cogne-camera-classica-2-768x615.jpg 768w, https:\/\/miramonticogne.com\/wp-content\/uploads\/2023\/02\/Hotel-Miramonti-Cogne-camera-classica-2-1536x1231.jpg 1536w\" sizes=\"(max-width: 1600px) 100vw, 1600px\" \/>\t\t\t\t\t<\/div>\n\t<\/div>\n\t<\/div>\n<div class=\"qodef-e swiper-slide\">\n\t<div class=\"qodef-e-inner\">\n\t\t<div class=\"qodef-e-inner-holder\">\n\t\t\t\t\t\t\t<img loading=\"lazy\" decoding=\"async\" width=\"1588\" height=\"1059\" src=\"https:\/\/miramonticogne.com\/wp-content\/uploads\/2023\/02\/Hotel-Miramonti-Cogne-camera-classica-3.jpg\" class=\"attachment-full size-full\" alt=\"\" srcset=\"https:\/\/miramonticogne.com\/wp-content\/uploads\/2023\/02\/Hotel-Miramonti-Cogne-camera-classica-3.jpg 1588w, https:\/\/miramonticogne.com\/wp-content\/uploads\/2023\/02\/Hotel-Miramonti-Cogne-camera-classica-3-300x200.jpg 300w, https:\/\/miramonticogne.com\/wp-content\/uploads\/2023\/02\/Hotel-Miramonti-Cogne-camera-classica-3-1024x683.jpg 1024w, https:\/\/miramonticogne.com\/wp-content\/uploads\/2023\/02\/Hotel-Miramonti-Cogne-camera-classica-3-768x512.jpg 768w, https:\/\/miramonticogne.com\/wp-content\/uploads\/2023\/02\/Hotel-Miramonti-Cogne-camera-classica-3-1536x1024.jpg 1536w\" sizes=\"(max-width: 1588px) 100vw, 1588px\" \/>\t\t\t\t\t<\/div>\n\t<\/div>\n\t<\/div>\n\t<\/div>\n\t<\/div>\n\t\t<div class=\"swiper-button-prev swiper-button-outside swiper-button-prev-261\"><svg xmlns=\"http:\/\/www.w3.org\/2000\/svg\" xmlns:xlink=\"http:\/\/www.w3.org\/1999\/xlink\" xmlns:serif=\"http:\/\/www.serif.com\/\" width=\"100%\" height=\"100%\" viewBox=\"0 0 134 134\" xml:space=\"preserve\" style=\"fill-rule:evenodd;clip-rule:evenodd;stroke-linejoin:round;stroke-miterlimit:2;\"><path d=\"M89.167,30.833l-35.417,35.417l35.417,35.417l2.916,-2.917l-32.5,-32.5l32.5,-32.5l-2.916,-2.917Z\" style=\"fill-rule:nonzero;\"><\/path><\/svg><\/div>\n\t<div class=\"swiper-button-next swiper-button-outside swiper-button-next-261\"><svg xmlns=\"http:\/\/www.w3.org\/2000\/svg\" xmlns:xlink=\"http:\/\/www.w3.org\/1999\/xlink\" xmlns:serif=\"http:\/\/www.serif.com\/\" width=\"100%\" height=\"100%\" viewBox=\"0 0 134 134\" xml:space=\"preserve\" style=\"fill-rule:evenodd;clip-rule:evenodd;stroke-linejoin:round;stroke-miterlimit:2;\"><path d=\"M56.667,101.667l35.416,-35.417l-35.416,-35.417l-2.917,2.917l32.5,32.5l-32.5,32.5l2.917,2.917Z\" style=\"fill-rule:nonzero;\"><\/path><\/svg><\/div>\n\t\t\t\t\t<\/div>\n\t\t\t\t<\/div>\n\t\t\t\t\t<\/div>\n\t\t\t\t<\/div>\n\t\t<div class=\"elementor-element elementor-element-30bed6c e-flex e-con-boxed e-con e-parent\" data-id=\"30bed6c\" data-element_type=\"container\" data-e-type=\"container\">\n\t\t\t\t\t<div class=\"e-con-inner\">\n\t\t\t\t<div class=\"elementor-element elementor-element-371d74a elementor-widget elementor-widget-text-editor\" data-id=\"371d74a\" data-element_type=\"widget\" data-e-type=\"widget\" data-widget_type=\"text-editor.default\">\n\t\t\t\t<div class=\"elementor-widget-container\">\n\t\t\t\t\t\t\t\t\t<p>Chambres d\u00e9cor\u00e9es de motifs floraux, salle de bains avec baignoire ou douche, balcon panoramique ou vue sur le jardin.<br \/>Nombre maximum de personnes dans la chambre : 5<br \/>40-44 m2<\/p>\n\t\t\t\t\t\t\t\t<\/div>\n\t\t\t\t<\/div>\n\t\t\t\t\t<\/div>\n\t\t\t\t<\/div>\n\t\t<div class=\"elementor-element elementor-element-d25217c e-flex e-con-boxed e-con e-parent\" data-id=\"d25217c\" data-element_type=\"container\" data-e-type=\"container\">\n\t\t\t\t\t<div class=\"e-con-inner\">\n\t\t<div class=\"elementor-element elementor-element-f048ae4 e-con-full e-flex e-con e-child\" data-id=\"f048ae4\" data-element_type=\"container\" data-e-type=\"container\">\n\t\t\t\t<div class=\"elementor-element elementor-element-5d0bbaf elementor-widget elementor-widget-heading\" data-id=\"5d0bbaf\" data-element_type=\"widget\" data-e-type=\"widget\" data-widget_type=\"heading.default\">\n\t\t\t\t<div class=\"elementor-widget-container\">\n\t\t\t\t\t<h2 class=\"elementor-heading-title elementor-size-default\">Dans votre chambre<\/h2>\t\t\t\t<\/div>\n\t\t\t\t<\/div>\n\t\t<div class=\"elementor-element elementor-element-9206987 e-flex e-con-boxed e-con e-child\" data-id=\"9206987\" data-element_type=\"container\" data-e-type=\"container\">\n\t\t\t\t\t<div class=\"e-con-inner\">\n\t\t\t\t<div class=\"elementor-element elementor-element-923196b elementor-widget elementor-widget-text-editor\" data-id=\"923196b\" data-element_type=\"widget\" data-e-type=\"widget\" data-widget_type=\"text-editor.default\">\n\t\t\t\t<div class=\"elementor-widget-container\">\n\t\t\t\t\t\t\t\t\t<ul><li>non-fumeur<\/li><li>bureau<\/li><li>t\u00e9l\u00e9phone \u00e0 ligne directe<\/li><li>acc\u00e8s Internet haut d\u00e9bit gratuit<\/li><li>smart TV<\/li><li>mini-bar<\/li><li>coffre-fort<\/li><li>2 balcons<\/li><\/ul>\t\t\t\t\t\t\t\t<\/div>\n\t\t\t\t<\/div>\n\t\t\t\t<div class=\"elementor-element elementor-element-9b708f0 elementor-widget elementor-widget-text-editor\" data-id=\"9b708f0\" data-element_type=\"widget\" data-e-type=\"widget\" data-widget_type=\"text-editor.default\">\n\t\t\t\t<div class=\"elementor-widget-container\">\n\t\t\t\t\t\t\t\t\t<ul><li>place de parking dans le garage<\/li><li>bornes de recharge pour voitures \u00e9lectriques (payantes)<\/li><li><div class=\"gmail_default\">les petits animaux domestiques ne sont admis que sur demande, dans certaines chambres seulement. Demandez la disponibilit\u00e9 et les conditions lors de la r\u00e9servation.<\/div><div class=\"gmail_default\">\u00a0<\/div><\/li><\/ul>\t\t\t\t\t\t\t\t<\/div>\n\t\t\t\t<\/div>\n\t\t\t\t\t<\/div>\n\t\t\t\t<\/div>\n\t\t\t\t<\/div>\n\t\t<div class=\"elementor-element elementor-element-9f168b3 e-con-full e-flex e-con e-child\" data-id=\"9f168b3\" data-element_type=\"container\" data-e-type=\"container\">\n\t\t\t\t<div class=\"elementor-element elementor-element-060c101 elementor-widget elementor-widget-heading\" data-id=\"060c101\" data-element_type=\"widget\" data-e-type=\"widget\" data-widget_type=\"heading.default\">\n\t\t\t\t<div class=\"elementor-widget-container\">\n\t\t\t\t\t<h2 class=\"elementor-heading-title elementor-size-default\">Dans la salle de bain<\/h2>\t\t\t\t<\/div>\n\t\t\t\t<\/div>\n\t\t<div class=\"elementor-element elementor-element-a477727 e-flex e-con-boxed e-con e-child\" data-id=\"a477727\" data-element_type=\"container\" data-e-type=\"container\">\n\t\t\t\t\t<div class=\"e-con-inner\">\n\t\t\t\t<div class=\"elementor-element elementor-element-44f4adc elementor-widget elementor-widget-text-editor\" data-id=\"44f4adc\" data-element_type=\"widget\" data-e-type=\"widget\" data-widget_type=\"text-editor.default\">\n\t\t\t\t<div class=\"elementor-widget-container\">\n\t\t\t\t\t\t\t\t\t<ul>\n<li>douche ou baignoire<\/li>\n<li>s\u00e8che-cheveux<\/li>\n<li>produits de bienvenue<\/li>\n<li>peignoir de bain doux<\/li>\n<li>pantoufles <\/li>\n<\/ul>\n\t\t\t\t\t\t\t\t<\/div>\n\t\t\t\t<\/div>\n\t\t\t\t\t<\/div>\n\t\t\t\t<\/div>\n\t\t\t\t<\/div>\n\t\t\t\t\t<\/div>\n\t\t\t\t<\/div>\n\t\t\t\t<\/div>\n\t\t","protected":false},"excerpt":{"rendered":"<p>Chambres d\u00e9cor\u00e9es de motifs floraux, salle de bains avec baignoire ou douche, balcon panoramique ou vue sur le jardin.Nombre maximum de personnes dans la chambre : 540-44 m2 Dans votre chambre non-fumeur bureau t\u00e9l\u00e9phone \u00e0 ligne directe acc\u00e8s Internet haut d\u00e9bit gratuit smart TV mini-bar coffre-fort 2 balcons place de parking dans le garage bornes [&hellip;]<\/p>\n","protected":false},"author":1,"featured_media":0,"parent":0,"menu_order":0,"comment_status":"closed","ping_status":"closed","template":"elementor_header_footer","meta":{"footnotes":""},"class_list":["post-1640","page","type-page","status-publish","hentry"],"_links":{"self":[{"href":"https:\/\/miramonticogne.com\/fr\/wp-json\/wp\/v2\/pages\/1640","targetHints":{"allow":["GET"]}}],"collection":[{"href":"https:\/\/miramonticogne.com\/fr\/wp-json\/wp\/v2\/pages"}],"about":[{"href":"https:\/\/miramonticogne.com\/fr\/wp-json\/wp\/v2\/types\/page"}],"author":[{"embeddable":true,"href":"https:\/\/miramonticogne.com\/fr\/wp-json\/wp\/v2\/users\/1"}],"replies":[{"embeddable":true,"href":"https:\/\/miramonticogne.com\/fr\/wp-json\/wp\/v2\/comments?post=1640"}],"version-history":[{"count":13,"href":"https:\/\/miramonticogne.com\/fr\/wp-json\/wp\/v2\/pages\/1640\/revisions"}],"predecessor-version":[{"id":2279,"href":"https:\/\/miramonticogne.com\/fr\/wp-json\/wp\/v2\/pages\/1640\/revisions\/2279"}],"wp:attachment":[{"href":"https:\/\/miramonticogne.com\/fr\/wp-json\/wp\/v2\/media?parent=1640"}],"curies":[{"name":"wp","href":"https:\/\/api.w.org\/{rel}","templated":true}]}}