{"id":1636,"date":"2022-12-14T15:37:22","date_gmt":"2022-12-14T15:37:22","guid":{"rendered":"https:\/\/miramonticogne.com\/suite\/"},"modified":"2023-09-19T08:32:18","modified_gmt":"2023-09-19T08:32:18","slug":"suite","status":"publish","type":"page","link":"https:\/\/miramonticogne.com\/fr\/suite\/","title":{"rendered":"Suite"},"content":{"rendered":"\t\t<div data-elementor-type=\"wp-page\" data-elementor-id=\"1636\" class=\"elementor elementor-1636 elementor-205\" data-elementor-post-type=\"page\">\n\t\t\t\t<div class=\"elementor-element elementor-element-031e0a5 e-flex e-con-boxed e-con e-parent\" data-id=\"031e0a5\" data-element_type=\"container\" data-e-type=\"container\">\n\t\t\t\t\t<div class=\"e-con-inner\">\n\t\t\t\t<div class=\"elementor-element elementor-element-fbd13ae elementor-widget elementor-widget-qi_addons_for_elementor_image_slider\" data-id=\"fbd13ae\" data-element_type=\"widget\" data-e-type=\"widget\" data-widget_type=\"qi_addons_for_elementor_image_slider.default\">\n\t\t\t\t<div class=\"elementor-widget-container\">\n\t\t\t\t\t<div class=\"qodef-shortcode qodef-m qodef-qi-image-slider qodef-col-num--1 qodef-qi-grid qodef-qi-swiper-container qodef-navigation--outside qodef-hide-navigation--680 qodef-navigation--hover-move\" data-options=\"{&quot;direction&quot;:&quot;horizontal&quot;,&quot;slidesPerView&quot;:&quot;1&quot;,&quot;spaceBetween&quot;:0,&quot;spaceBetweenTablet&quot;:30,&quot;spaceBetweenMobile&quot;:30,&quot;effect&quot;:&quot;fade&quot;,&quot;loop&quot;:true,&quot;autoplay&quot;:false,&quot;centeredSlides&quot;:false,&quot;speed&quot;:&quot;&quot;,&quot;speedAnimation&quot;:&quot;&quot;,&quot;outsideNavigation&quot;:&quot;yes&quot;,&quot;outsidePagination&quot;:&quot;no&quot;,&quot;unique&quot;:910,&quot;partialValue&quot;:0,&quot;disablePartialValue&quot;:&quot;&quot;,&quot;parallax&quot;:&quot;no&quot;}\">\n\t<div class=\"swiper-wrapper\">\n\t\t<div class=\"qodef-e swiper-slide\">\n\t<div class=\"qodef-e-inner\">\n\t\t<div class=\"qodef-e-inner-holder\">\n\t\t\t\t\t\t\t<img fetchpriority=\"high\" decoding=\"async\" width=\"1600\" height=\"1066\" src=\"https:\/\/miramonticogne.com\/wp-content\/uploads\/2023\/02\/Hotel-Miramonti-Cogne-camera-suite-1.jpg\" class=\"attachment-full size-full\" alt=\"\" srcset=\"https:\/\/miramonticogne.com\/wp-content\/uploads\/2023\/02\/Hotel-Miramonti-Cogne-camera-suite-1.jpg 1600w, https:\/\/miramonticogne.com\/wp-content\/uploads\/2023\/02\/Hotel-Miramonti-Cogne-camera-suite-1-300x200.jpg 300w, https:\/\/miramonticogne.com\/wp-content\/uploads\/2023\/02\/Hotel-Miramonti-Cogne-camera-suite-1-1024x682.jpg 1024w, https:\/\/miramonticogne.com\/wp-content\/uploads\/2023\/02\/Hotel-Miramonti-Cogne-camera-suite-1-768x512.jpg 768w, https:\/\/miramonticogne.com\/wp-content\/uploads\/2023\/02\/Hotel-Miramonti-Cogne-camera-suite-1-1536x1023.jpg 1536w\" sizes=\"(max-width: 1600px) 100vw, 1600px\" \/>\t\t\t\t\t<\/div>\n\t<\/div>\n\t<\/div>\n<div class=\"qodef-e swiper-slide\">\n\t<div class=\"qodef-e-inner\">\n\t\t<div class=\"qodef-e-inner-holder\">\n\t\t\t\t\t\t\t<img decoding=\"async\" width=\"1600\" height=\"1375\" src=\"https:\/\/miramonticogne.com\/wp-content\/uploads\/2023\/02\/Hotel-Miramonti-Cogne-camera-suite-2.jpg\" class=\"attachment-full size-full\" alt=\"\" srcset=\"https:\/\/miramonticogne.com\/wp-content\/uploads\/2023\/02\/Hotel-Miramonti-Cogne-camera-suite-2.jpg 1600w, https:\/\/miramonticogne.com\/wp-content\/uploads\/2023\/02\/Hotel-Miramonti-Cogne-camera-suite-2-300x258.jpg 300w, https:\/\/miramonticogne.com\/wp-content\/uploads\/2023\/02\/Hotel-Miramonti-Cogne-camera-suite-2-1024x880.jpg 1024w, https:\/\/miramonticogne.com\/wp-content\/uploads\/2023\/02\/Hotel-Miramonti-Cogne-camera-suite-2-768x660.jpg 768w, https:\/\/miramonticogne.com\/wp-content\/uploads\/2023\/02\/Hotel-Miramonti-Cogne-camera-suite-2-1536x1320.jpg 1536w\" sizes=\"(max-width: 1600px) 100vw, 1600px\" \/>\t\t\t\t\t<\/div>\n\t<\/div>\n\t<\/div>\n<div class=\"qodef-e swiper-slide\">\n\t<div class=\"qodef-e-inner\">\n\t\t<div class=\"qodef-e-inner-holder\">\n\t\t\t\t\t\t\t<img decoding=\"async\" width=\"1600\" height=\"1066\" src=\"https:\/\/miramonticogne.com\/wp-content\/uploads\/2023\/02\/Hotel-Miramonti-Cogne-camera-suite-3.jpg\" class=\"attachment-full size-full\" alt=\"\" srcset=\"https:\/\/miramonticogne.com\/wp-content\/uploads\/2023\/02\/Hotel-Miramonti-Cogne-camera-suite-3.jpg 1600w, https:\/\/miramonticogne.com\/wp-content\/uploads\/2023\/02\/Hotel-Miramonti-Cogne-camera-suite-3-300x200.jpg 300w, https:\/\/miramonticogne.com\/wp-content\/uploads\/2023\/02\/Hotel-Miramonti-Cogne-camera-suite-3-1024x682.jpg 1024w, https:\/\/miramonticogne.com\/wp-content\/uploads\/2023\/02\/Hotel-Miramonti-Cogne-camera-suite-3-768x512.jpg 768w, https:\/\/miramonticogne.com\/wp-content\/uploads\/2023\/02\/Hotel-Miramonti-Cogne-camera-suite-3-1536x1023.jpg 1536w\" sizes=\"(max-width: 1600px) 100vw, 1600px\" \/>\t\t\t\t\t<\/div>\n\t<\/div>\n\t<\/div>\n<div class=\"qodef-e swiper-slide\">\n\t<div class=\"qodef-e-inner\">\n\t\t<div class=\"qodef-e-inner-holder\">\n\t\t\t\t\t\t\t<img loading=\"lazy\" decoding=\"async\" width=\"1600\" height=\"1066\" src=\"https:\/\/miramonticogne.com\/wp-content\/uploads\/2023\/02\/Hotel-Miramonti-Cogne-camera-suite-4.jpg\" class=\"attachment-full size-full\" alt=\"\" srcset=\"https:\/\/miramonticogne.com\/wp-content\/uploads\/2023\/02\/Hotel-Miramonti-Cogne-camera-suite-4.jpg 1600w, https:\/\/miramonticogne.com\/wp-content\/uploads\/2023\/02\/Hotel-Miramonti-Cogne-camera-suite-4-300x200.jpg 300w, https:\/\/miramonticogne.com\/wp-content\/uploads\/2023\/02\/Hotel-Miramonti-Cogne-camera-suite-4-1024x682.jpg 1024w, https:\/\/miramonticogne.com\/wp-content\/uploads\/2023\/02\/Hotel-Miramonti-Cogne-camera-suite-4-768x512.jpg 768w, https:\/\/miramonticogne.com\/wp-content\/uploads\/2023\/02\/Hotel-Miramonti-Cogne-camera-suite-4-1536x1023.jpg 1536w\" sizes=\"(max-width: 1600px) 100vw, 1600px\" \/>\t\t\t\t\t<\/div>\n\t<\/div>\n\t<\/div>\n<div class=\"qodef-e swiper-slide\">\n\t<div class=\"qodef-e-inner\">\n\t\t<div class=\"qodef-e-inner-holder\">\n\t\t\t\t\t\t\t<img loading=\"lazy\" decoding=\"async\" width=\"1600\" height=\"1066\" src=\"https:\/\/miramonticogne.com\/wp-content\/uploads\/2023\/02\/Hotel-Miramonti-Cogne-camera-suite-5.jpg\" class=\"attachment-full size-full\" alt=\"\" srcset=\"https:\/\/miramonticogne.com\/wp-content\/uploads\/2023\/02\/Hotel-Miramonti-Cogne-camera-suite-5.jpg 1600w, https:\/\/miramonticogne.com\/wp-content\/uploads\/2023\/02\/Hotel-Miramonti-Cogne-camera-suite-5-300x200.jpg 300w, https:\/\/miramonticogne.com\/wp-content\/uploads\/2023\/02\/Hotel-Miramonti-Cogne-camera-suite-5-1024x682.jpg 1024w, https:\/\/miramonticogne.com\/wp-content\/uploads\/2023\/02\/Hotel-Miramonti-Cogne-camera-suite-5-768x512.jpg 768w, https:\/\/miramonticogne.com\/wp-content\/uploads\/2023\/02\/Hotel-Miramonti-Cogne-camera-suite-5-1536x1023.jpg 1536w\" sizes=\"(max-width: 1600px) 100vw, 1600px\" \/>\t\t\t\t\t<\/div>\n\t<\/div>\n\t<\/div>\n\t<\/div>\n\t<\/div>\n\t\t<div class=\"swiper-button-prev swiper-button-outside swiper-button-prev-910\"><svg xmlns=\"http:\/\/www.w3.org\/2000\/svg\" xmlns:xlink=\"http:\/\/www.w3.org\/1999\/xlink\" xmlns:serif=\"http:\/\/www.serif.com\/\" width=\"100%\" height=\"100%\" viewBox=\"0 0 134 134\" xml:space=\"preserve\" style=\"fill-rule:evenodd;clip-rule:evenodd;stroke-linejoin:round;stroke-miterlimit:2;\"><path d=\"M89.167,30.833l-35.417,35.417l35.417,35.417l2.916,-2.917l-32.5,-32.5l32.5,-32.5l-2.916,-2.917Z\" style=\"fill-rule:nonzero;\"><\/path><\/svg><\/div>\n\t<div class=\"swiper-button-next swiper-button-outside swiper-button-next-910\"><svg xmlns=\"http:\/\/www.w3.org\/2000\/svg\" xmlns:xlink=\"http:\/\/www.w3.org\/1999\/xlink\" xmlns:serif=\"http:\/\/www.serif.com\/\" width=\"100%\" height=\"100%\" viewBox=\"0 0 134 134\" xml:space=\"preserve\" style=\"fill-rule:evenodd;clip-rule:evenodd;stroke-linejoin:round;stroke-miterlimit:2;\"><path d=\"M56.667,101.667l35.416,-35.417l-35.416,-35.417l-2.917,2.917l32.5,32.5l-32.5,32.5l2.917,2.917Z\" style=\"fill-rule:nonzero;\"><\/path><\/svg><\/div>\n\t\t\t\t\t<\/div>\n\t\t\t\t<\/div>\n\t\t\t\t\t<\/div>\n\t\t\t\t<\/div>\n\t\t<div class=\"elementor-element elementor-element-33daf0f e-flex e-con-boxed e-con e-parent\" data-id=\"33daf0f\" data-element_type=\"container\" data-e-type=\"container\">\n\t\t\t\t\t<div class=\"e-con-inner\">\n\t\t\t\t<div class=\"elementor-element elementor-element-db7999d elementor-widget elementor-widget-text-editor\" data-id=\"db7999d\" data-element_type=\"widget\" data-e-type=\"widget\" data-widget_type=\"text-editor.default\">\n\t\t\t\t<div class=\"elementor-widget-container\">\n\t\t\t\t\t\t\t\t\t<p>Suite de style Empire, soies vertes, meubles incrust\u00e9s par d&rsquo;habiles artisans italiens, grand salon, salle de bain en marbre de Carrare avec fen\u00eatre, double lavabo, Jacuzzi. Balcon panoramique.<br \/>Nombre maximum de personnes dans la chambre : 4<br \/>44-52 m2<\/p>\n\t\t\t\t\t\t\t\t<\/div>\n\t\t\t\t<\/div>\n\t\t\t\t\t<\/div>\n\t\t\t\t<\/div>\n\t\t<div class=\"elementor-element elementor-element-7cd5ca3 e-flex e-con-boxed e-con e-parent\" data-id=\"7cd5ca3\" data-element_type=\"container\" data-e-type=\"container\">\n\t\t\t\t\t<div class=\"e-con-inner\">\n\t\t<div class=\"elementor-element elementor-element-f6bcd86 e-con-full e-flex e-con e-child\" data-id=\"f6bcd86\" data-element_type=\"container\" data-e-type=\"container\">\n\t\t\t\t<div class=\"elementor-element elementor-element-d94b0aa elementor-widget elementor-widget-heading\" data-id=\"d94b0aa\" data-element_type=\"widget\" data-e-type=\"widget\" data-widget_type=\"heading.default\">\n\t\t\t\t<div class=\"elementor-widget-container\">\n\t\t\t\t\t<h2 class=\"elementor-heading-title elementor-size-default\">Dans votre chambre<\/h2>\t\t\t\t<\/div>\n\t\t\t\t<\/div>\n\t\t<div class=\"elementor-element elementor-element-6dfc4e8 e-flex e-con-boxed e-con e-child\" data-id=\"6dfc4e8\" data-element_type=\"container\" data-e-type=\"container\">\n\t\t\t\t\t<div class=\"e-con-inner\">\n\t\t\t\t<div class=\"elementor-element elementor-element-0792596 elementor-widget elementor-widget-text-editor\" data-id=\"0792596\" data-element_type=\"widget\" data-e-type=\"widget\" data-widget_type=\"text-editor.default\">\n\t\t\t\t<div class=\"elementor-widget-container\">\n\t\t\t\t\t\t\t\t\t<ul><li>non-fumeur<\/li><li>bureau<\/li><li>table<\/li><li>t\u00e9l\u00e9phone \u00e0 ligne directe<\/li><li>acc\u00e8s Internet haut d\u00e9bit gratuit<\/li><li>smart TV 43\u00a0\u00bb dans le salon et 32\u00a0\u00bb dans la chambre<\/li><li>mini-bar<\/li><li>coffre-fort<\/li><li>balcon panoramique<\/li><\/ul>\t\t\t\t\t\t\t\t<\/div>\n\t\t\t\t<\/div>\n\t\t\t\t<div class=\"elementor-element elementor-element-4cd0ade elementor-widget elementor-widget-text-editor\" data-id=\"4cd0ade\" data-element_type=\"widget\" data-e-type=\"widget\" data-widget_type=\"text-editor.default\">\n\t\t\t\t<div class=\"elementor-widget-container\">\n\t\t\t\t\t\t\t\t\t<ul><li>place de parking dans le garage<\/li><li>bornes de recharge pour voitures \u00e9lectriques (payantes)<\/li><li><div class=\"gmail_default\">les petits animaux domestiques ne sont admis que sur demande, dans certaines chambres seulement. Demandez la disponibilit\u00e9 et les conditions lors de la r\u00e9servation.<\/div><div class=\"gmail_default\">\u00a0<\/div><\/li><\/ul>\t\t\t\t\t\t\t\t<\/div>\n\t\t\t\t<\/div>\n\t\t\t\t\t<\/div>\n\t\t\t\t<\/div>\n\t\t\t\t<\/div>\n\t\t<div class=\"elementor-element elementor-element-4507905 e-con-full e-flex e-con e-child\" data-id=\"4507905\" data-element_type=\"container\" data-e-type=\"container\">\n\t\t\t\t<div class=\"elementor-element elementor-element-d420372 elementor-widget elementor-widget-heading\" data-id=\"d420372\" data-element_type=\"widget\" data-e-type=\"widget\" data-widget_type=\"heading.default\">\n\t\t\t\t<div class=\"elementor-widget-container\">\n\t\t\t\t\t<h2 class=\"elementor-heading-title elementor-size-default\">Dans la salle de bain<\/h2>\t\t\t\t<\/div>\n\t\t\t\t<\/div>\n\t\t<div class=\"elementor-element elementor-element-43ab31a e-flex e-con-boxed e-con e-child\" data-id=\"43ab31a\" data-element_type=\"container\" data-e-type=\"container\">\n\t\t\t\t\t<div class=\"e-con-inner\">\n\t\t\t\t<div class=\"elementor-element elementor-element-1b857d1 elementor-widget elementor-widget-text-editor\" data-id=\"1b857d1\" data-element_type=\"widget\" data-e-type=\"widget\" data-widget_type=\"text-editor.default\">\n\t\t\t\t<div class=\"elementor-widget-container\">\n\t\t\t\t\t\t\t\t\t<ul>\n<li>baignoire \u00e0 remous<\/li>\n<li>s\u00e8che-cheveux<\/li>\n<li>produits de bienvenue<\/li>\n<li>sels de bain<\/li>\n<li>peignoir de bain doux<\/li>\n<li>pantoufles <\/li>\n<\/ul>\n\t\t\t\t\t\t\t\t<\/div>\n\t\t\t\t<\/div>\n\t\t\t\t\t<\/div>\n\t\t\t\t<\/div>\n\t\t\t\t<\/div>\n\t\t\t\t\t<\/div>\n\t\t\t\t<\/div>\n\t\t\t\t<\/div>\n\t\t","protected":false},"excerpt":{"rendered":"<p>Suite de style Empire, soies vertes, meubles incrust\u00e9s par d&rsquo;habiles artisans italiens, grand salon, salle de bain en marbre de Carrare avec fen\u00eatre, double lavabo, Jacuzzi. Balcon panoramique.Nombre maximum de personnes dans la chambre : 444-52 m2 Dans votre chambre non-fumeur bureau table t\u00e9l\u00e9phone \u00e0 ligne directe acc\u00e8s Internet haut d\u00e9bit gratuit smart TV 43\u00a0\u00bb [&hellip;]<\/p>\n","protected":false},"author":1,"featured_media":0,"parent":0,"menu_order":0,"comment_status":"closed","ping_status":"closed","template":"elementor_header_footer","meta":{"footnotes":""},"class_list":["post-1636","page","type-page","status-publish","hentry"],"_links":{"self":[{"href":"https:\/\/miramonticogne.com\/fr\/wp-json\/wp\/v2\/pages\/1636","targetHints":{"allow":["GET"]}}],"collection":[{"href":"https:\/\/miramonticogne.com\/fr\/wp-json\/wp\/v2\/pages"}],"about":[{"href":"https:\/\/miramonticogne.com\/fr\/wp-json\/wp\/v2\/types\/page"}],"author":[{"embeddable":true,"href":"https:\/\/miramonticogne.com\/fr\/wp-json\/wp\/v2\/users\/1"}],"replies":[{"embeddable":true,"href":"https:\/\/miramonticogne.com\/fr\/wp-json\/wp\/v2\/comments?post=1636"}],"version-history":[{"count":13,"href":"https:\/\/miramonticogne.com\/fr\/wp-json\/wp\/v2\/pages\/1636\/revisions"}],"predecessor-version":[{"id":2273,"href":"https:\/\/miramonticogne.com\/fr\/wp-json\/wp\/v2\/pages\/1636\/revisions\/2273"}],"wp:attachment":[{"href":"https:\/\/miramonticogne.com\/fr\/wp-json\/wp\/v2\/media?parent=1636"}],"curies":[{"name":"wp","href":"https:\/\/api.w.org\/{rel}","templated":true}]}}