{"id":1630,"date":"2022-12-13T15:07:18","date_gmt":"2022-12-13T15:07:18","guid":{"rendered":"https:\/\/miramonticogne.com\/chambres\/"},"modified":"2024-06-26T13:15:44","modified_gmt":"2024-06-26T13:15:44","slug":"chambres","status":"publish","type":"page","link":"https:\/\/miramonticogne.com\/fr\/chambres\/","title":{"rendered":"Chambres"},"content":{"rendered":"\t\t<div data-elementor-type=\"wp-page\" data-elementor-id=\"1630\" class=\"elementor elementor-1630 elementor-126\" data-elementor-post-type=\"page\">\n\t\t\t\t<div class=\"elementor-element elementor-element-93bce8e e-flex e-con-boxed e-con e-parent\" data-id=\"93bce8e\" data-element_type=\"container\" data-e-type=\"container\">\n\t\t\t\t\t<div class=\"e-con-inner\">\n\t\t\t\t<div class=\"elementor-element elementor-element-046bc7e elementor-widget elementor-widget-heading\" data-id=\"046bc7e\" data-element_type=\"widget\" data-e-type=\"widget\" data-widget_type=\"heading.default\">\n\t\t\t\t<div class=\"elementor-widget-container\">\n\t\t\t\t\t<h2 class=\"elementor-heading-title elementor-size-default\">Les chambres <\/h2>\t\t\t\t<\/div>\n\t\t\t\t<\/div>\n\t\t\t\t\t<\/div>\n\t\t\t\t<\/div>\n\t\t<div class=\"elementor-element elementor-element-980d78f e-flex e-con-boxed e-con e-parent\" data-id=\"980d78f\" data-element_type=\"container\" data-e-type=\"container\">\n\t\t\t\t\t<div class=\"e-con-inner\">\n\t\t<div class=\"elementor-element elementor-element-57b0cb5 e-con-full e-flex e-con e-child\" data-id=\"57b0cb5\" data-element_type=\"container\" data-e-type=\"container\" data-settings=\"{&quot;background_background&quot;:&quot;classic&quot;}\">\n\t\t\t\t<div class=\"elementor-element elementor-element-da0a75e elementor-widget elementor-widget-image\" data-id=\"da0a75e\" data-element_type=\"widget\" data-e-type=\"widget\" data-widget_type=\"image.default\">\n\t\t\t\t<div class=\"elementor-widget-container\">\n\t\t\t\t\t\t\t\t\t\t\t\t\t\t\t<img fetchpriority=\"high\" decoding=\"async\" width=\"800\" height=\"533\" src=\"https:\/\/miramonticogne.com\/wp-content\/uploads\/2023\/02\/Hotel-Miramonti-Cogne-camera-classica-1-1024x682.jpg\" class=\"attachment-large size-large wp-image-1441\" alt=\"\" srcset=\"https:\/\/miramonticogne.com\/wp-content\/uploads\/2023\/02\/Hotel-Miramonti-Cogne-camera-classica-1-1024x682.jpg 1024w, https:\/\/miramonticogne.com\/wp-content\/uploads\/2023\/02\/Hotel-Miramonti-Cogne-camera-classica-1-300x200.jpg 300w, https:\/\/miramonticogne.com\/wp-content\/uploads\/2023\/02\/Hotel-Miramonti-Cogne-camera-classica-1-768x512.jpg 768w, https:\/\/miramonticogne.com\/wp-content\/uploads\/2023\/02\/Hotel-Miramonti-Cogne-camera-classica-1-1536x1023.jpg 1536w, https:\/\/miramonticogne.com\/wp-content\/uploads\/2023\/02\/Hotel-Miramonti-Cogne-camera-classica-1.jpg 1600w\" sizes=\"(max-width: 800px) 100vw, 800px\" \/>\t\t\t\t\t\t\t\t\t\t\t\t\t\t\t<\/div>\n\t\t\t\t<\/div>\n\t\t\t\t<div class=\"elementor-element elementor-element-30dd365 elementor-widget elementor-widget-heading\" data-id=\"30dd365\" data-element_type=\"widget\" data-e-type=\"widget\" data-widget_type=\"heading.default\">\n\t\t\t\t<div class=\"elementor-widget-container\">\n\t\t\t\t\t<h2 class=\"elementor-heading-title elementor-size-default\">Classica<\/h2>\t\t\t\t<\/div>\n\t\t\t\t<\/div>\n\t\t<div class=\"elementor-element elementor-element-3a1477f e-flex e-con-boxed e-con e-child\" data-id=\"3a1477f\" data-element_type=\"container\" data-e-type=\"container\">\n\t\t\t\t\t<div class=\"e-con-inner\">\n\t\t\t\t<div class=\"elementor-element elementor-element-5204f8b elementor-mobile-align-center elementor-widget-mobile__width-auto elementor-widget elementor-widget-button\" data-id=\"5204f8b\" data-element_type=\"widget\" data-e-type=\"widget\" data-widget_type=\"button.default\">\n\t\t\t\t<div class=\"elementor-widget-container\">\n\t\t\t\t\t\t\t\t\t<div class=\"elementor-button-wrapper\">\n\t\t\t\t\t<a class=\"elementor-button elementor-button-link elementor-size-sm\" href=\"https:\/\/miramonticogne.com\/fr\/classica\/\">\n\t\t\t\t\t\t<span class=\"elementor-button-content-wrapper\">\n\t\t\t\t\t\t\t\t\t<span class=\"elementor-button-text\">D\u00e9couvrir<\/span>\n\t\t\t\t\t<\/span>\n\t\t\t\t\t<\/a>\n\t\t\t\t<\/div>\n\t\t\t\t\t\t\t\t<\/div>\n\t\t\t\t<\/div>\n\t\t\t\t<div class=\"elementor-element elementor-element-b1e22ec elementor-mobile-align-center elementor-widget-mobile__width-auto elementor-widget elementor-widget-button\" data-id=\"b1e22ec\" data-element_type=\"widget\" data-e-type=\"widget\" data-widget_type=\"button.default\">\n\t\t\t\t<div class=\"elementor-widget-container\">\n\t\t\t\t\t\t\t\t\t<div class=\"elementor-button-wrapper\">\n\t\t\t\t\t<a class=\"elementor-button elementor-button-link elementor-size-sm\" href=\"https:\/\/be.bookingexpert.it\/book\/simple\/noavail?hotel=22552\" target=\"_blank\">\n\t\t\t\t\t\t<span class=\"elementor-button-content-wrapper\">\n\t\t\t\t\t\t\t\t\t<span class=\"elementor-button-text\">R\u00e9server<\/span>\n\t\t\t\t\t<\/span>\n\t\t\t\t\t<\/a>\n\t\t\t\t<\/div>\n\t\t\t\t\t\t\t\t<\/div>\n\t\t\t\t<\/div>\n\t\t\t\t\t<\/div>\n\t\t\t\t<\/div>\n\t\t\t\t<\/div>\n\t\t<div class=\"elementor-element elementor-element-3f0ea61 e-con-full e-flex e-con e-child\" data-id=\"3f0ea61\" data-element_type=\"container\" data-e-type=\"container\" data-settings=\"{&quot;background_background&quot;:&quot;classic&quot;}\">\n\t\t\t\t<div class=\"elementor-element elementor-element-342ae2c elementor-widget elementor-widget-image\" data-id=\"342ae2c\" data-element_type=\"widget\" data-e-type=\"widget\" data-widget_type=\"image.default\">\n\t\t\t\t<div class=\"elementor-widget-container\">\n\t\t\t\t\t\t\t\t\t\t\t\t\t\t\t<img decoding=\"async\" width=\"800\" height=\"533\" src=\"https:\/\/miramonticogne.com\/wp-content\/uploads\/2023\/02\/Hotel-Miramonti-Cogne-camera-romantica-1-1024x682.jpg\" class=\"attachment-large size-large wp-image-1447\" alt=\"\" srcset=\"https:\/\/miramonticogne.com\/wp-content\/uploads\/2023\/02\/Hotel-Miramonti-Cogne-camera-romantica-1-1024x682.jpg 1024w, https:\/\/miramonticogne.com\/wp-content\/uploads\/2023\/02\/Hotel-Miramonti-Cogne-camera-romantica-1-300x200.jpg 300w, https:\/\/miramonticogne.com\/wp-content\/uploads\/2023\/02\/Hotel-Miramonti-Cogne-camera-romantica-1-768x512.jpg 768w, https:\/\/miramonticogne.com\/wp-content\/uploads\/2023\/02\/Hotel-Miramonti-Cogne-camera-romantica-1-1536x1023.jpg 1536w, https:\/\/miramonticogne.com\/wp-content\/uploads\/2023\/02\/Hotel-Miramonti-Cogne-camera-romantica-1.jpg 1600w\" sizes=\"(max-width: 800px) 100vw, 800px\" \/>\t\t\t\t\t\t\t\t\t\t\t\t\t\t\t<\/div>\n\t\t\t\t<\/div>\n\t\t\t\t<div class=\"elementor-element elementor-element-aab29f4 elementor-widget elementor-widget-heading\" data-id=\"aab29f4\" data-element_type=\"widget\" data-e-type=\"widget\" data-widget_type=\"heading.default\">\n\t\t\t\t<div class=\"elementor-widget-container\">\n\t\t\t\t\t<h2 class=\"elementor-heading-title elementor-size-default\">Romantica<\/h2>\t\t\t\t<\/div>\n\t\t\t\t<\/div>\n\t\t<div class=\"elementor-element elementor-element-04945b3 e-flex e-con-boxed e-con e-child\" data-id=\"04945b3\" data-element_type=\"container\" data-e-type=\"container\">\n\t\t\t\t\t<div class=\"e-con-inner\">\n\t\t\t\t<div class=\"elementor-element elementor-element-ec24368 elementor-mobile-align-center elementor-widget-mobile__width-auto elementor-widget elementor-widget-button\" data-id=\"ec24368\" data-element_type=\"widget\" data-e-type=\"widget\" data-widget_type=\"button.default\">\n\t\t\t\t<div class=\"elementor-widget-container\">\n\t\t\t\t\t\t\t\t\t<div class=\"elementor-button-wrapper\">\n\t\t\t\t\t<a class=\"elementor-button elementor-button-link elementor-size-sm\" href=\"https:\/\/miramonticogne.com\/fr\/romantica\/\">\n\t\t\t\t\t\t<span class=\"elementor-button-content-wrapper\">\n\t\t\t\t\t\t\t\t\t<span class=\"elementor-button-text\">D\u00e9couvrir<\/span>\n\t\t\t\t\t<\/span>\n\t\t\t\t\t<\/a>\n\t\t\t\t<\/div>\n\t\t\t\t\t\t\t\t<\/div>\n\t\t\t\t<\/div>\n\t\t\t\t<div class=\"elementor-element elementor-element-103ee7f elementor-mobile-align-center elementor-widget-mobile__width-auto elementor-widget elementor-widget-button\" data-id=\"103ee7f\" data-element_type=\"widget\" data-e-type=\"widget\" data-widget_type=\"button.default\">\n\t\t\t\t<div class=\"elementor-widget-container\">\n\t\t\t\t\t\t\t\t\t<div class=\"elementor-button-wrapper\">\n\t\t\t\t\t<a class=\"elementor-button elementor-button-link elementor-size-sm\" href=\"https:\/\/be.bookingexpert.it\/book\/simple\/noavail?hotel=22552\" target=\"_blank\">\n\t\t\t\t\t\t<span class=\"elementor-button-content-wrapper\">\n\t\t\t\t\t\t\t\t\t<span class=\"elementor-button-text\">R\u00e9server<\/span>\n\t\t\t\t\t<\/span>\n\t\t\t\t\t<\/a>\n\t\t\t\t<\/div>\n\t\t\t\t\t\t\t\t<\/div>\n\t\t\t\t<\/div>\n\t\t\t\t\t<\/div>\n\t\t\t\t<\/div>\n\t\t\t\t<\/div>\n\t\t<div class=\"elementor-element elementor-element-5906914 e-con-full e-flex e-con e-child\" data-id=\"5906914\" data-element_type=\"container\" data-e-type=\"container\" data-settings=\"{&quot;background_background&quot;:&quot;classic&quot;}\">\n\t\t\t\t<div class=\"elementor-element elementor-element-526291c elementor-widget elementor-widget-image\" data-id=\"526291c\" data-element_type=\"widget\" data-e-type=\"widget\" data-widget_type=\"image.default\">\n\t\t\t\t<div class=\"elementor-widget-container\">\n\t\t\t\t\t\t\t\t\t\t\t\t\t\t\t<img decoding=\"async\" width=\"800\" height=\"533\" src=\"https:\/\/miramonticogne.com\/wp-content\/uploads\/2023\/02\/Hotel-Miramonti-Cogne-camera-suite-1-1024x682.jpg\" class=\"attachment-large size-large wp-image-1461\" alt=\"\" srcset=\"https:\/\/miramonticogne.com\/wp-content\/uploads\/2023\/02\/Hotel-Miramonti-Cogne-camera-suite-1-1024x682.jpg 1024w, https:\/\/miramonticogne.com\/wp-content\/uploads\/2023\/02\/Hotel-Miramonti-Cogne-camera-suite-1-300x200.jpg 300w, https:\/\/miramonticogne.com\/wp-content\/uploads\/2023\/02\/Hotel-Miramonti-Cogne-camera-suite-1-768x512.jpg 768w, https:\/\/miramonticogne.com\/wp-content\/uploads\/2023\/02\/Hotel-Miramonti-Cogne-camera-suite-1-1536x1023.jpg 1536w, https:\/\/miramonticogne.com\/wp-content\/uploads\/2023\/02\/Hotel-Miramonti-Cogne-camera-suite-1.jpg 1600w\" sizes=\"(max-width: 800px) 100vw, 800px\" \/>\t\t\t\t\t\t\t\t\t\t\t\t\t\t\t<\/div>\n\t\t\t\t<\/div>\n\t\t\t\t<div class=\"elementor-element elementor-element-1575280 elementor-widget elementor-widget-heading\" data-id=\"1575280\" data-element_type=\"widget\" data-e-type=\"widget\" data-widget_type=\"heading.default\">\n\t\t\t\t<div class=\"elementor-widget-container\">\n\t\t\t\t\t<h2 class=\"elementor-heading-title elementor-size-default\">Suite<\/h2>\t\t\t\t<\/div>\n\t\t\t\t<\/div>\n\t\t<div class=\"elementor-element elementor-element-8079a18 e-flex e-con-boxed e-con e-child\" data-id=\"8079a18\" data-element_type=\"container\" data-e-type=\"container\">\n\t\t\t\t\t<div class=\"e-con-inner\">\n\t\t\t\t<div class=\"elementor-element elementor-element-db0d609 elementor-mobile-align-center elementor-widget-mobile__width-auto elementor-widget elementor-widget-button\" data-id=\"db0d609\" data-element_type=\"widget\" data-e-type=\"widget\" data-widget_type=\"button.default\">\n\t\t\t\t<div class=\"elementor-widget-container\">\n\t\t\t\t\t\t\t\t\t<div class=\"elementor-button-wrapper\">\n\t\t\t\t\t<a class=\"elementor-button elementor-button-link elementor-size-sm\" href=\"https:\/\/miramonticogne.com\/fr\/suite\/\">\n\t\t\t\t\t\t<span class=\"elementor-button-content-wrapper\">\n\t\t\t\t\t\t\t\t\t<span class=\"elementor-button-text\">D\u00e9couvrir<\/span>\n\t\t\t\t\t<\/span>\n\t\t\t\t\t<\/a>\n\t\t\t\t<\/div>\n\t\t\t\t\t\t\t\t<\/div>\n\t\t\t\t<\/div>\n\t\t\t\t<div class=\"elementor-element elementor-element-ee357f6 elementor-mobile-align-center elementor-widget-mobile__width-auto elementor-widget elementor-widget-button\" data-id=\"ee357f6\" data-element_type=\"widget\" data-e-type=\"widget\" data-widget_type=\"button.default\">\n\t\t\t\t<div class=\"elementor-widget-container\">\n\t\t\t\t\t\t\t\t\t<div class=\"elementor-button-wrapper\">\n\t\t\t\t\t<a class=\"elementor-button elementor-button-link elementor-size-sm\" href=\"https:\/\/be.bookingexpert.it\/book\/simple\/noavail?hotel=22552\" target=\"_blank\">\n\t\t\t\t\t\t<span class=\"elementor-button-content-wrapper\">\n\t\t\t\t\t\t\t\t\t<span class=\"elementor-button-text\">R\u00e9server<\/span>\n\t\t\t\t\t<\/span>\n\t\t\t\t\t<\/a>\n\t\t\t\t<\/div>\n\t\t\t\t\t\t\t\t<\/div>\n\t\t\t\t<\/div>\n\t\t\t\t\t<\/div>\n\t\t\t\t<\/div>\n\t\t\t\t<\/div>\n\t\t\t\t\t<\/div>\n\t\t\t\t<\/div>\n\t\t<div class=\"elementor-element elementor-element-f21a76e e-flex e-con-boxed e-con e-parent\" data-id=\"f21a76e\" data-element_type=\"container\" data-e-type=\"container\">\n\t\t\t\t\t<div class=\"e-con-inner\">\n\t\t<div class=\"elementor-element elementor-element-6928ceb e-con-full e-flex e-con e-child\" data-id=\"6928ceb\" data-element_type=\"container\" data-e-type=\"container\" data-settings=\"{&quot;background_background&quot;:&quot;classic&quot;}\">\n\t\t\t\t<div class=\"elementor-element elementor-element-8340a20 elementor-widget elementor-widget-image\" data-id=\"8340a20\" data-element_type=\"widget\" data-e-type=\"widget\" data-widget_type=\"image.default\">\n\t\t\t\t<div class=\"elementor-widget-container\">\n\t\t\t\t\t\t\t\t\t\t\t\t\t\t\t<img loading=\"lazy\" decoding=\"async\" width=\"800\" height=\"533\" src=\"https:\/\/miramonticogne.com\/wp-content\/uploads\/2023\/06\/HOTEL-MIRAMONTI-COGNE-REGINA-MARGHERITA_BAL0520-001-web-1024x682.jpg\" class=\"attachment-large size-large wp-image-1978\" alt=\"\" srcset=\"https:\/\/miramonticogne.com\/wp-content\/uploads\/2023\/06\/HOTEL-MIRAMONTI-COGNE-REGINA-MARGHERITA_BAL0520-001-web-1024x682.jpg 1024w, https:\/\/miramonticogne.com\/wp-content\/uploads\/2023\/06\/HOTEL-MIRAMONTI-COGNE-REGINA-MARGHERITA_BAL0520-001-web-300x200.jpg 300w, https:\/\/miramonticogne.com\/wp-content\/uploads\/2023\/06\/HOTEL-MIRAMONTI-COGNE-REGINA-MARGHERITA_BAL0520-001-web-768x512.jpg 768w, https:\/\/miramonticogne.com\/wp-content\/uploads\/2023\/06\/HOTEL-MIRAMONTI-COGNE-REGINA-MARGHERITA_BAL0520-001-web-1536x1023.jpg 1536w, https:\/\/miramonticogne.com\/wp-content\/uploads\/2023\/06\/HOTEL-MIRAMONTI-COGNE-REGINA-MARGHERITA_BAL0520-001-web.jpg 1600w\" sizes=\"(max-width: 800px) 100vw, 800px\" \/>\t\t\t\t\t\t\t\t\t\t\t\t\t\t\t<\/div>\n\t\t\t\t<\/div>\n\t\t\t\t<div class=\"elementor-element elementor-element-43fb7f5 elementor-widget elementor-widget-heading\" data-id=\"43fb7f5\" data-element_type=\"widget\" data-e-type=\"widget\" data-widget_type=\"heading.default\">\n\t\t\t\t<div class=\"elementor-widget-container\">\n\t\t\t\t\t<h2 class=\"elementor-heading-title elementor-size-default\">Suite Reine Margherita<\/h2>\t\t\t\t<\/div>\n\t\t\t\t<\/div>\n\t\t<div class=\"elementor-element elementor-element-35b5e1e e-flex e-con-boxed e-con e-child\" data-id=\"35b5e1e\" data-element_type=\"container\" data-e-type=\"container\">\n\t\t\t\t\t<div class=\"e-con-inner\">\n\t\t\t\t<div class=\"elementor-element elementor-element-c435c76 elementor-mobile-align-center elementor-widget-mobile__width-auto elementor-widget elementor-widget-button\" data-id=\"c435c76\" data-element_type=\"widget\" data-e-type=\"widget\" data-widget_type=\"button.default\">\n\t\t\t\t<div class=\"elementor-widget-container\">\n\t\t\t\t\t\t\t\t\t<div class=\"elementor-button-wrapper\">\n\t\t\t\t\t<a class=\"elementor-button elementor-button-link elementor-size-sm\" href=\"https:\/\/miramonticogne.com\/fr\/suite-reine-margherita\/\">\n\t\t\t\t\t\t<span class=\"elementor-button-content-wrapper\">\n\t\t\t\t\t\t\t\t\t<span class=\"elementor-button-text\">D\u00e9couvrir<\/span>\n\t\t\t\t\t<\/span>\n\t\t\t\t\t<\/a>\n\t\t\t\t<\/div>\n\t\t\t\t\t\t\t\t<\/div>\n\t\t\t\t<\/div>\n\t\t\t\t<div class=\"elementor-element elementor-element-4484876 elementor-mobile-align-center elementor-widget-mobile__width-auto elementor-widget elementor-widget-button\" data-id=\"4484876\" data-element_type=\"widget\" data-e-type=\"widget\" data-widget_type=\"button.default\">\n\t\t\t\t<div class=\"elementor-widget-container\">\n\t\t\t\t\t\t\t\t\t<div class=\"elementor-button-wrapper\">\n\t\t\t\t\t<a class=\"elementor-button elementor-button-link elementor-size-sm\" href=\"https:\/\/be.bookingexpert.it\/book\/simple\/noavail?hotel=22552\" target=\"_blank\">\n\t\t\t\t\t\t<span class=\"elementor-button-content-wrapper\">\n\t\t\t\t\t\t\t\t\t<span class=\"elementor-button-text\">R\u00e9server<\/span>\n\t\t\t\t\t<\/span>\n\t\t\t\t\t<\/a>\n\t\t\t\t<\/div>\n\t\t\t\t\t\t\t\t<\/div>\n\t\t\t\t<\/div>\n\t\t\t\t\t<\/div>\n\t\t\t\t<\/div>\n\t\t\t\t<\/div>\n\t\t<div class=\"elementor-element elementor-element-9872e34 e-con-full e-flex e-con e-child\" data-id=\"9872e34\" data-element_type=\"container\" data-e-type=\"container\" data-settings=\"{&quot;background_background&quot;:&quot;classic&quot;}\">\n\t\t\t\t<div class=\"elementor-element elementor-element-136150c elementor-widget elementor-widget-image\" data-id=\"136150c\" data-element_type=\"widget\" data-e-type=\"widget\" data-widget_type=\"image.default\">\n\t\t\t\t<div class=\"elementor-widget-container\">\n\t\t\t\t\t\t\t\t\t\t\t\t\t\t\t<img loading=\"lazy\" decoding=\"async\" width=\"800\" height=\"534\" src=\"https:\/\/miramonticogne.com\/wp-content\/uploads\/2024\/06\/Hotel-Miramonti-Cogne-Camera-Maison-02-1024x683.jpg\" class=\"attachment-large size-large wp-image-2409\" alt=\"\" srcset=\"https:\/\/miramonticogne.com\/wp-content\/uploads\/2024\/06\/Hotel-Miramonti-Cogne-Camera-Maison-02-1024x683.jpg 1024w, https:\/\/miramonticogne.com\/wp-content\/uploads\/2024\/06\/Hotel-Miramonti-Cogne-Camera-Maison-02-300x200.jpg 300w, https:\/\/miramonticogne.com\/wp-content\/uploads\/2024\/06\/Hotel-Miramonti-Cogne-Camera-Maison-02-768x512.jpg 768w, https:\/\/miramonticogne.com\/wp-content\/uploads\/2024\/06\/Hotel-Miramonti-Cogne-Camera-Maison-02.jpg 1500w\" sizes=\"(max-width: 800px) 100vw, 800px\" \/>\t\t\t\t\t\t\t\t\t\t\t\t\t\t\t<\/div>\n\t\t\t\t<\/div>\n\t\t\t\t<div class=\"elementor-element elementor-element-f0b66dd elementor-widget elementor-widget-heading\" data-id=\"f0b66dd\" data-element_type=\"widget\" data-e-type=\"widget\" data-widget_type=\"heading.default\">\n\t\t\t\t<div class=\"elementor-widget-container\">\n\t\t\t\t\t<h2 class=\"elementor-heading-title elementor-size-default\">Maison<\/h2>\t\t\t\t<\/div>\n\t\t\t\t<\/div>\n\t\t<div class=\"elementor-element elementor-element-0d54d6f e-flex e-con-boxed e-con e-child\" data-id=\"0d54d6f\" data-element_type=\"container\" data-e-type=\"container\">\n\t\t\t\t\t<div class=\"e-con-inner\">\n\t\t\t\t<div class=\"elementor-element elementor-element-96b128d elementor-mobile-align-center elementor-widget-mobile__width-auto elementor-widget elementor-widget-button\" data-id=\"96b128d\" data-element_type=\"widget\" data-e-type=\"widget\" data-widget_type=\"button.default\">\n\t\t\t\t<div class=\"elementor-widget-container\">\n\t\t\t\t\t\t\t\t\t<div class=\"elementor-button-wrapper\">\n\t\t\t\t\t<a class=\"elementor-button elementor-button-link elementor-size-sm\" href=\"https:\/\/miramonticogne.com\/fr\/maison\/\">\n\t\t\t\t\t\t<span class=\"elementor-button-content-wrapper\">\n\t\t\t\t\t\t\t\t\t<span class=\"elementor-button-text\">D\u00e9couvrir<\/span>\n\t\t\t\t\t<\/span>\n\t\t\t\t\t<\/a>\n\t\t\t\t<\/div>\n\t\t\t\t\t\t\t\t<\/div>\n\t\t\t\t<\/div>\n\t\t\t\t<div class=\"elementor-element elementor-element-fe1de2c elementor-mobile-align-center elementor-widget-mobile__width-auto elementor-widget elementor-widget-button\" data-id=\"fe1de2c\" data-element_type=\"widget\" data-e-type=\"widget\" data-widget_type=\"button.default\">\n\t\t\t\t<div class=\"elementor-widget-container\">\n\t\t\t\t\t\t\t\t\t<div class=\"elementor-button-wrapper\">\n\t\t\t\t\t<a class=\"elementor-button elementor-button-link elementor-size-sm\" href=\"https:\/\/be.bookingexpert.it\/book\/simple\/noavail?hotel=22552\" target=\"_blank\">\n\t\t\t\t\t\t<span class=\"elementor-button-content-wrapper\">\n\t\t\t\t\t\t\t\t\t<span class=\"elementor-button-text\">R\u00e9server<\/span>\n\t\t\t\t\t<\/span>\n\t\t\t\t\t<\/a>\n\t\t\t\t<\/div>\n\t\t\t\t\t\t\t\t<\/div>\n\t\t\t\t<\/div>\n\t\t\t\t\t<\/div>\n\t\t\t\t<\/div>\n\t\t\t\t<\/div>\n\t\t<div class=\"elementor-element elementor-element-ec27d33 e-con-full e-flex e-con e-child\" data-id=\"ec27d33\" data-element_type=\"container\" data-e-type=\"container\" data-settings=\"{&quot;background_background&quot;:&quot;classic&quot;}\">\n\t\t\t\t<div class=\"elementor-element elementor-element-87ae64e elementor-widget elementor-widget-image\" data-id=\"87ae64e\" data-element_type=\"widget\" data-e-type=\"widget\" data-widget_type=\"image.default\">\n\t\t\t\t<div class=\"elementor-widget-container\">\n\t\t\t\t\t\t\t\t\t\t\t\t\t\t\t<img loading=\"lazy\" decoding=\"async\" width=\"800\" height=\"533\" src=\"https:\/\/miramonticogne.com\/wp-content\/uploads\/2023\/06\/HOTEL-MIRAMONTI-COMUNICANTI-_BAL0423_B-001-web-1024x682.jpg\" class=\"attachment-large size-large wp-image-1927\" alt=\"\" srcset=\"https:\/\/miramonticogne.com\/wp-content\/uploads\/2023\/06\/HOTEL-MIRAMONTI-COMUNICANTI-_BAL0423_B-001-web-1024x682.jpg 1024w, https:\/\/miramonticogne.com\/wp-content\/uploads\/2023\/06\/HOTEL-MIRAMONTI-COMUNICANTI-_BAL0423_B-001-web-300x200.jpg 300w, https:\/\/miramonticogne.com\/wp-content\/uploads\/2023\/06\/HOTEL-MIRAMONTI-COMUNICANTI-_BAL0423_B-001-web-768x512.jpg 768w, https:\/\/miramonticogne.com\/wp-content\/uploads\/2023\/06\/HOTEL-MIRAMONTI-COMUNICANTI-_BAL0423_B-001-web-1536x1023.jpg 1536w, https:\/\/miramonticogne.com\/wp-content\/uploads\/2023\/06\/HOTEL-MIRAMONTI-COMUNICANTI-_BAL0423_B-001-web.jpg 1600w\" sizes=\"(max-width: 800px) 100vw, 800px\" \/>\t\t\t\t\t\t\t\t\t\t\t\t\t\t\t<\/div>\n\t\t\t\t<\/div>\n\t\t\t\t<div class=\"elementor-element elementor-element-becef20 elementor-widget elementor-widget-heading\" data-id=\"becef20\" data-element_type=\"widget\" data-e-type=\"widget\" data-widget_type=\"heading.default\">\n\t\t\t\t<div class=\"elementor-widget-container\">\n\t\t\t\t\t<h2 class=\"elementor-heading-title elementor-size-default\">Chambres Communicantes<\/h2>\t\t\t\t<\/div>\n\t\t\t\t<\/div>\n\t\t<div class=\"elementor-element elementor-element-8c60280 e-con-full e-flex e-con e-child\" data-id=\"8c60280\" data-element_type=\"container\" data-e-type=\"container\">\n\t\t\t\t<div class=\"elementor-element elementor-element-7569579 elementor-mobile-align-center elementor-widget-mobile__width-auto elementor-widget elementor-widget-button\" data-id=\"7569579\" data-element_type=\"widget\" data-e-type=\"widget\" data-widget_type=\"button.default\">\n\t\t\t\t<div class=\"elementor-widget-container\">\n\t\t\t\t\t\t\t\t\t<div class=\"elementor-button-wrapper\">\n\t\t\t\t\t<a class=\"elementor-button elementor-button-link elementor-size-sm\" href=\"https:\/\/miramonticogne.com\/fr\/chambres-communicantes\/\">\n\t\t\t\t\t\t<span class=\"elementor-button-content-wrapper\">\n\t\t\t\t\t\t\t\t\t<span class=\"elementor-button-text\">D\u00e9couvrir<\/span>\n\t\t\t\t\t<\/span>\n\t\t\t\t\t<\/a>\n\t\t\t\t<\/div>\n\t\t\t\t\t\t\t\t<\/div>\n\t\t\t\t<\/div>\n\t\t\t\t<div class=\"elementor-element elementor-element-a549d6b elementor-mobile-align-center elementor-widget-mobile__width-auto elementor-widget elementor-widget-button\" data-id=\"a549d6b\" data-element_type=\"widget\" data-e-type=\"widget\" data-widget_type=\"button.default\">\n\t\t\t\t<div class=\"elementor-widget-container\">\n\t\t\t\t\t\t\t\t\t<div class=\"elementor-button-wrapper\">\n\t\t\t\t\t<a class=\"elementor-button elementor-button-link elementor-size-sm\" href=\"https:\/\/be.bookingexpert.it\/book\/simple\/noavail?hotel=22552\" target=\"_blank\">\n\t\t\t\t\t\t<span class=\"elementor-button-content-wrapper\">\n\t\t\t\t\t\t\t\t\t<span class=\"elementor-button-text\">R\u00e9server<\/span>\n\t\t\t\t\t<\/span>\n\t\t\t\t\t<\/a>\n\t\t\t\t<\/div>\n\t\t\t\t\t\t\t\t<\/div>\n\t\t\t\t<\/div>\n\t\t\t\t<\/div>\n\t\t\t\t<\/div>\n\t\t\t\t\t<\/div>\n\t\t\t\t<\/div>\n\t\t<div class=\"elementor-element elementor-element-6ecd139 e-flex e-con-boxed e-con e-parent\" data-id=\"6ecd139\" data-element_type=\"container\" data-e-type=\"container\">\n\t\t\t\t\t<div class=\"e-con-inner\">\n\t\t\t\t\t<\/div>\n\t\t\t\t<\/div>\n\t\t\t\t<\/div>\n\t\t","protected":false},"excerpt":{"rendered":"<p>Les chambres Classica D\u00e9couvrir R\u00e9server Romantica D\u00e9couvrir R\u00e9server Suite D\u00e9couvrir R\u00e9server Suite Reine Margherita D\u00e9couvrir R\u00e9server Maison D\u00e9couvrir R\u00e9server Chambres Communicantes D\u00e9couvrir R\u00e9server<\/p>\n","protected":false},"author":1,"featured_media":0,"parent":0,"menu_order":0,"comment_status":"closed","ping_status":"closed","template":"elementor_header_footer","meta":{"footnotes":""},"class_list":["post-1630","page","type-page","status-publish","hentry"],"_links":{"self":[{"href":"https:\/\/miramonticogne.com\/fr\/wp-json\/wp\/v2\/pages\/1630","targetHints":{"allow":["GET"]}}],"collection":[{"href":"https:\/\/miramonticogne.com\/fr\/wp-json\/wp\/v2\/pages"}],"about":[{"href":"https:\/\/miramonticogne.com\/fr\/wp-json\/wp\/v2\/types\/page"}],"author":[{"embeddable":true,"href":"https:\/\/miramonticogne.com\/fr\/wp-json\/wp\/v2\/users\/1"}],"replies":[{"embeddable":true,"href":"https:\/\/miramonticogne.com\/fr\/wp-json\/wp\/v2\/comments?post=1630"}],"version-history":[{"count":10,"href":"https:\/\/miramonticogne.com\/fr\/wp-json\/wp\/v2\/pages\/1630\/revisions"}],"predecessor-version":[{"id":2439,"href":"https:\/\/miramonticogne.com\/fr\/wp-json\/wp\/v2\/pages\/1630\/revisions\/2439"}],"wp:attachment":[{"href":"https:\/\/miramonticogne.com\/fr\/wp-json\/wp\/v2\/media?parent=1630"}],"curies":[{"name":"wp","href":"https:\/\/api.w.org\/{rel}","templated":true}]}}