{"id":1590,"date":"2022-12-13T10:04:08","date_gmt":"2022-12-13T10:04:08","guid":{"rendered":"https:\/\/miramonticogne.com\/home\/"},"modified":"2026-03-02T09:19:24","modified_gmt":"2026-03-02T09:19:24","slug":"home","status":"publish","type":"page","link":"https:\/\/miramonticogne.com\/fr\/","title":{"rendered":"Home"},"content":{"rendered":"\t\t<div data-elementor-type=\"wp-page\" data-elementor-id=\"1590\" class=\"elementor elementor-1590 elementor-10\" data-elementor-post-type=\"page\">\n\t\t\t\t<div class=\"elementor-element elementor-element-bda1840 e-flex e-con-boxed e-con e-parent\" data-id=\"bda1840\" data-element_type=\"container\" data-e-type=\"container\">\n\t\t\t\t\t<div class=\"e-con-inner\">\n\t\t\t\t<div class=\"elementor-element elementor-element-54437be elementor-widget elementor-widget-qi_addons_for_elementor_image_slider\" data-id=\"54437be\" data-element_type=\"widget\" data-e-type=\"widget\" data-widget_type=\"qi_addons_for_elementor_image_slider.default\">\n\t\t\t\t<div class=\"elementor-widget-container\">\n\t\t\t\t\t<div class=\"qodef-shortcode qodef-m qodef-qi-image-slider qodef-col-num--1 qodef-qi-grid qodef-qi-swiper-container\" data-options=\"{&quot;direction&quot;:&quot;horizontal&quot;,&quot;slidesPerView&quot;:&quot;1&quot;,&quot;spaceBetween&quot;:0,&quot;spaceBetweenTablet&quot;:30,&quot;spaceBetweenMobile&quot;:30,&quot;effect&quot;:&quot;fade&quot;,&quot;loop&quot;:true,&quot;autoplay&quot;:true,&quot;centeredSlides&quot;:false,&quot;speed&quot;:&quot;&quot;,&quot;speedAnimation&quot;:&quot;&quot;,&quot;outsideNavigation&quot;:&quot;no&quot;,&quot;outsidePagination&quot;:&quot;no&quot;,&quot;unique&quot;:522,&quot;partialValue&quot;:0,&quot;disablePartialValue&quot;:&quot;&quot;,&quot;parallax&quot;:&quot;no&quot;}\">\n\t<div class=\"swiper-wrapper\">\n\t\t<div class=\"qodef-e swiper-slide\">\n\t<div class=\"qodef-e-inner\">\n\t\t<div class=\"qodef-e-inner-holder\">\n\t\t\t\t\t\t\t<img fetchpriority=\"high\" decoding=\"async\" width=\"1600\" height=\"1066\" src=\"https:\/\/miramonticogne.com\/wp-content\/uploads\/2023\/02\/Hotel-Miramonti-Cogne-HOME-HOME-1.jpg\" class=\"attachment-full size-full\" alt=\"\" srcset=\"https:\/\/miramonticogne.com\/wp-content\/uploads\/2023\/02\/Hotel-Miramonti-Cogne-HOME-HOME-1.jpg 1600w, https:\/\/miramonticogne.com\/wp-content\/uploads\/2023\/02\/Hotel-Miramonti-Cogne-HOME-HOME-1-300x200.jpg 300w, https:\/\/miramonticogne.com\/wp-content\/uploads\/2023\/02\/Hotel-Miramonti-Cogne-HOME-HOME-1-1024x682.jpg 1024w, https:\/\/miramonticogne.com\/wp-content\/uploads\/2023\/02\/Hotel-Miramonti-Cogne-HOME-HOME-1-768x512.jpg 768w, https:\/\/miramonticogne.com\/wp-content\/uploads\/2023\/02\/Hotel-Miramonti-Cogne-HOME-HOME-1-1536x1023.jpg 1536w\" sizes=\"(max-width: 1600px) 100vw, 1600px\" \/>\t\t\t\t\t<\/div>\n\t<\/div>\n\t<\/div>\n\t<\/div>\n\t<\/div>\n\t\t\t\t<\/div>\n\t\t\t\t<\/div>\n\t\t\t\t\t<\/div>\n\t\t\t\t<\/div>\n\t\t<div class=\"elementor-element elementor-element-52733bc e-flex e-con-boxed e-con e-parent\" data-id=\"52733bc\" data-element_type=\"container\" data-e-type=\"container\">\n\t\t\t\t\t<div class=\"e-con-inner\">\n\t\t\t\t<div class=\"elementor-element elementor-element-f11aedd elementor-mobile-align-center elementor-widget-mobile__width-auto elementor-align-center elementor-widget__width-auto elementor-widget elementor-widget-button\" data-id=\"f11aedd\" data-element_type=\"widget\" data-e-type=\"widget\" data-widget_type=\"button.default\">\n\t\t\t\t<div class=\"elementor-widget-container\">\n\t\t\t\t\t\t\t\t\t<div class=\"elementor-button-wrapper\">\n\t\t\t\t\t<a class=\"elementor-button elementor-button-link elementor-size-sm\" href=\"https:\/\/miramonticogne.com\/wp-content\/uploads\/2026\/03\/COGNE-EVENTI-ESTATE-2026.pdf\" target=\"_blank\">\n\t\t\t\t\t\t<span class=\"elementor-button-content-wrapper\">\n\t\t\t\t\t\t\t\t\t<span class=\"elementor-button-text\">Cogne - \u00c9v\u00e9nements \u00e9t\u00e9 2026<\/span>\n\t\t\t\t\t<\/span>\n\t\t\t\t\t<\/a>\n\t\t\t\t<\/div>\n\t\t\t\t\t\t\t\t<\/div>\n\t\t\t\t<\/div>\n\t\t\t\t\t<\/div>\n\t\t\t\t<\/div>\n\t\t\t\t<\/div>\n\t\t","protected":false},"excerpt":{"rendered":"<p>Cogne &#8211; \u00c9v\u00e9nements \u00e9t\u00e9 2026<\/p>\n","protected":false},"author":1,"featured_media":0,"parent":0,"menu_order":0,"comment_status":"closed","ping_status":"closed","template":"elementor_header_footer","meta":{"footnotes":""},"class_list":["post-1590","page","type-page","status-publish","hentry"],"_links":{"self":[{"href":"https:\/\/miramonticogne.com\/fr\/wp-json\/wp\/v2\/pages\/1590","targetHints":{"allow":["GET"]}}],"collection":[{"href":"https:\/\/miramonticogne.com\/fr\/wp-json\/wp\/v2\/pages"}],"about":[{"href":"https:\/\/miramonticogne.com\/fr\/wp-json\/wp\/v2\/types\/page"}],"author":[{"embeddable":true,"href":"https:\/\/miramonticogne.com\/fr\/wp-json\/wp\/v2\/users\/1"}],"replies":[{"embeddable":true,"href":"https:\/\/miramonticogne.com\/fr\/wp-json\/wp\/v2\/comments?post=1590"}],"version-history":[{"count":10,"href":"https:\/\/miramonticogne.com\/fr\/wp-json\/wp\/v2\/pages\/1590\/revisions"}],"predecessor-version":[{"id":2561,"href":"https:\/\/miramonticogne.com\/fr\/wp-json\/wp\/v2\/pages\/1590\/revisions\/2561"}],"wp:attachment":[{"href":"https:\/\/miramonticogne.com\/fr\/wp-json\/wp\/v2\/media?parent=1590"}],"curies":[{"name":"wp","href":"https:\/\/api.w.org\/{rel}","templated":true}]}}